{"id":8025,"date":"2019-08-25T18:23:20","date_gmt":"2019-08-25T13:23:20","guid":{"rendered":"http:\/\/www.fsf.si\/2019\/?page_id=8025"},"modified":"2021-10-02T20:36:29","modified_gmt":"2021-10-02T18:36:29","slug":"jury","status":"publish","type":"page","link":"https:\/\/www.fsf.si\/2021\/en\/jury\/","title":{"rendered":"Jury"},"content":{"rendered":"<div class=\"vc_row wpb_row vc_row-fluid\" ><div class=\"wpb_column vc_column_container vc_col-sm-12\"><div class=\"vc_column-inner\"><div class=\"wpb_wrapper\"><div class=\"vc_empty_space\"   style=\"height: 32px\"><span class=\"vc_empty_space_inner\"><\/span><\/div><div id=\"ts-vcsc-textillate-7359258\" class=\"ts-textillate   \" data-loop=\"false\" data-delay=\"100\" data-in-effect=\"ts-composer-css-bounce\" data-in-sync=\"false\" data-in-shuffle=\"false\" data-in-reverse=\"false\"  style=\"color: #000000 !important; font-size: 36px; line-height: 36px; font-weight: inherit; text-align: left; margin-top: 0px; margin-bottom: 0px;\">Jury for feature films:<\/div><div class=\"vc_row wpb_row vc_inner vc_row-fluid jury-team-item\" ><div class=\"wpb_column vc_column_container vc_col-sm-3\"><div class=\"vc_column-inner\"><div class=\"wpb_wrapper\">\n\t<div  class=\"wpb_single_image wpb_content_element vc_align_left\">\n\t\t\n\t\t<figure class=\"wpb_wrapper vc_figure\">\n\t\t\t<div class=\"vc_single_image-wrapper vc_box_circle  vc_box_border_grey\"><img width=\"768\" height=\"768\" src=\"https:\/\/www.fsf.si\/2021\/wp-content\/uploads\/2021\/09\/pDuxpSGw.jpeg\" class=\"vc_single_image-img attachment-full\" alt=\"\" loading=\"lazy\" srcset=\"https:\/\/www.fsf.si\/2021\/wp-content\/uploads\/2021\/09\/pDuxpSGw.jpeg 768w, https:\/\/www.fsf.si\/2021\/wp-content\/uploads\/2021\/09\/pDuxpSGw-300x300.jpeg 300w, https:\/\/www.fsf.si\/2021\/wp-content\/uploads\/2021\/09\/pDuxpSGw-150x150.jpeg 150w, https:\/\/www.fsf.si\/2021\/wp-content\/uploads\/2021\/09\/pDuxpSGw-550x550.jpeg 550w\" sizes=\"(max-width: 768px) 100vw, 768px\" \/><\/div>\n\t\t<\/figure>\n\t<\/div>\n<\/div><\/div><\/div><div class=\"wpb_column vc_column_container vc_col-sm-9\"><div class=\"vc_column-inner\"><div class=\"wpb_wrapper\">\n\t<div class=\"wpb_text_column wpb_content_element \" >\n\t\t<div class=\"wpb_wrapper\">\n\t\t\t<h1>Primoz\u030c Bezjak<\/h1>\n<h2>actor<\/h2>\n<p>Primo\u017e Bezjak (1977), an actor, movement artist\/dancer, choreographer, and performer, has been an active member of the Slovenian theatre scene since at least 1999, when he officially joined the Betontanc group. Since then, he has worked across theatre and dance, in both institutional theatre and independent dance and theatre productions, international co-productions, and cinema. Bezjak has been a full member of the Mladinsko Theatre since 2008, and a member of the Beton Ltd. collective since 2010.<\/p>\n<p>He is the recipient of the Golden Bird Award for outstanding achievements in culture (2003), the City of Ljubljana \u017dupan\u010di\u010d Award for outstanding achievements in culture (2011), and the Vesna Award for best actor in a leading role (2020).<\/p>\n\n\t\t<\/div>\n\t<\/div>\n<\/div><\/div><\/div><\/div><div class=\"vc_row wpb_row vc_inner vc_row-fluid jury-team-item\" ><div class=\"wpb_column vc_column_container vc_col-sm-3\"><div class=\"vc_column-inner\"><div class=\"wpb_wrapper\">\n\t<div  class=\"wpb_single_image wpb_content_element vc_align_left\">\n\t\t\n\t\t<figure class=\"wpb_wrapper vc_figure\">\n\t\t\t<div class=\"vc_single_image-wrapper vc_box_circle  vc_box_border_grey\"><img width=\"250\" height=\"250\" src=\"https:\/\/www.fsf.si\/2021\/wp-content\/uploads\/2021\/09\/dana.jpg\" class=\"vc_single_image-img attachment-large\" alt=\"\" loading=\"lazy\" srcset=\"https:\/\/www.fsf.si\/2021\/wp-content\/uploads\/2021\/09\/dana.jpg 250w, https:\/\/www.fsf.si\/2021\/wp-content\/uploads\/2021\/09\/dana-150x150.jpg 150w\" sizes=\"(max-width: 250px) 100vw, 250px\" \/><\/div>\n\t\t<\/figure>\n\t<\/div>\n<\/div><\/div><\/div><div class=\"wpb_column vc_column_container vc_col-sm-9\"><div class=\"vc_column-inner\"><div class=\"wpb_wrapper\">\n\t<div class=\"wpb_text_column wpb_content_element \" >\n\t\t<div class=\"wpb_wrapper\">\n\t\t\t<h1>Dana Budisavljevi\u0107<\/h1>\n<h2>director and producer<\/h2>\n<p><strong>Dana Budisavljevi\u0107<\/strong>\u00a0(1975, Zagreb) graduated in Film and TV Editing from the Academy of Dramatic Art in Zagreb. First, she worked as an editor, production assistant, and film festival organiser. She made her directorial debut with the documentary\u00a0<em>Straight A\u2019s<\/em>\u00a0(2004), after which she went on to win wide acclaim with\u00a0<em>Family Meals<\/em>\u00a0(2012), a documentary about coming out. She has produced the documentary series\u00a0<em>Slumbering Concrete<\/em>, directed by Sa\u0161a Ban, as well as films like\u00a0<em>I Like That Super Most the Best<\/em>\u00a0by Eva Kraljevi\u0107 and\u00a0<em>Then I See Tanja<\/em>\u00a0by Juraj Leroti\u0107.\u00a0Her debut feature-length film,<em> The Diary of Diana B.<\/em>, a historical docudrama about a campaign of rescuing children from Ustasha camps during WWII, became one of the most notable and most widely discussed films of the last decade in the region. After its triumph at the Pula Film Festival it went on to win a further 20 awards, saw its theatrical release in Croatia, Serbia, Bosnia and Herzegovina, and Slovenia, and generated cinema admissions of more than 65,000. In the same countries, it was shown on public television, while the Croatian Ministry of Education recommended its inclusion in the school curriculum.<\/p>\n\n\t\t<\/div>\n\t<\/div>\n<\/div><\/div><\/div><\/div><div class=\"vc_row wpb_row vc_inner vc_row-fluid jury-team-item\" ><div class=\"wpb_column vc_column_container vc_col-sm-3\"><div class=\"vc_column-inner\"><div class=\"wpb_wrapper\">\n\t<div  class=\"wpb_single_image wpb_content_element vc_align_left\">\n\t\t\n\t\t<figure class=\"wpb_wrapper vc_figure\">\n\t\t\t<div class=\"vc_single_image-wrapper vc_box_circle  vc_box_border_grey\"><img width=\"250\" height=\"250\" src=\"https:\/\/www.fsf.si\/2021\/wp-content\/uploads\/2021\/09\/Zelimir.jpg\" class=\"vc_single_image-img attachment-large\" alt=\"\" loading=\"lazy\" srcset=\"https:\/\/www.fsf.si\/2021\/wp-content\/uploads\/2021\/09\/Zelimir.jpg 250w, https:\/\/www.fsf.si\/2021\/wp-content\/uploads\/2021\/09\/Zelimir-150x150.jpg 150w\" sizes=\"(max-width: 250px) 100vw, 250px\" \/><\/div>\n\t\t<\/figure>\n\t<\/div>\n<\/div><\/div><\/div><div class=\"wpb_column vc_column_container vc_col-sm-9\"><div class=\"vc_column-inner\"><div class=\"wpb_wrapper\">\n\t<div class=\"wpb_text_column wpb_content_element \" >\n\t\t<div class=\"wpb_wrapper\">\n\t\t\t<h1>\u017delimir \u017dilnik<\/h1>\n<h2>director and screenwriter<\/h2>\n<p>\u017delimir \u017dilnik (b.1942, Yugoslavia) is an artist-filmmaker from Novi Sad, Serbia. In his highly prolific career, \u017dilnik has made over 50 feature and short films, which have been exhibited internationally at film festivals including Berlin, Toronto, Rotterdam, Moscow and Oberhausen. From the late 60s, his socially engaged films in former Yugoslavia earned him accolades, but also censorship in the 70s and the 90s for his unflinching criticism of the government apparatus. His power to observe and unleash compelling narratives out of the lives of ordinary people is the common thread throughout his work.<\/p>\n<p>Recently, \u017dilnik has been the subject of major career retrospectives at Kunsthalle Wien, 2020\/21; Centre Pompidou, Paris, 2019; Cinemateca Argentina, 2018; Mar del Plata Int. Film Festival, 2017; Anthology Film Archives, New York &amp; Harvard Film Archive, 2017 etc. His work has been featured in programs of art galleries, museums and art institutes around the world (Documenta, Kassel, Germany; Venice Biennale, Italy; ICA London, UK; National Gallery of Art, Washington DC, USA; MUMOK, Vienna, Austria; MACBA, Spain; Museo Universitario Arte Contemporaneo, Mexico City, Mexico, etc.).<\/p>\n\n\t\t<\/div>\n\t<\/div>\n<\/div><\/div><\/div><\/div><div class=\"vc_empty_space\"   style=\"height: 32px\"><span class=\"vc_empty_space_inner\"><\/span><\/div><div class=\"vc_empty_space\"   style=\"height: 32px\"><span class=\"vc_empty_space_inner\"><\/span><\/div><div id=\"ts-vcsc-textillate-2648650\" class=\"ts-textillate   \" data-loop=\"false\" data-delay=\"100\" data-in-effect=\"ts-composer-css-bounce\" data-in-sync=\"false\" data-in-shuffle=\"false\" data-in-reverse=\"false\"  style=\"color: #000000 !important; font-size: 31px; line-height: 31px; font-weight: inherit; text-align: left; margin-top: 0px; margin-bottom: 0px;\">Jury for short fiction, documentary, experimental, animated, and student films:<\/div><div class=\"vc_row wpb_row vc_inner vc_row-fluid jury-team-item\" ><div class=\"wpb_column vc_column_container vc_col-sm-3\"><div class=\"vc_column-inner\"><div class=\"wpb_wrapper\">\n\t<div  class=\"wpb_single_image wpb_content_element vc_align_left\">\n\t\t\n\t\t<figure class=\"wpb_wrapper vc_figure\">\n\t\t\t<div class=\"vc_single_image-wrapper vc_box_circle  vc_box_border_grey\"><img width=\"250\" height=\"250\" src=\"https:\/\/www.fsf.si\/2021\/wp-content\/uploads\/2021\/09\/cern.jpg\" class=\"vc_single_image-img attachment-large\" alt=\"\" loading=\"lazy\" srcset=\"https:\/\/www.fsf.si\/2021\/wp-content\/uploads\/2021\/09\/cern.jpg 250w, https:\/\/www.fsf.si\/2021\/wp-content\/uploads\/2021\/09\/cern-150x150.jpg 150w\" sizes=\"(max-width: 250px) 100vw, 250px\" \/><\/div>\n\t\t<\/figure>\n\t<\/div>\n<\/div><\/div><\/div><div class=\"wpb_column vc_column_container vc_col-sm-9\"><div class=\"vc_column-inner\"><div class=\"wpb_wrapper\">\n\t<div class=\"wpb_text_column wpb_content_element \" >\n\t\t<div class=\"wpb_wrapper\">\n\t\t\t<h1>Robert \u010cernelc\u030c,<\/h1>\n<h2>director and visual artist<\/h2>\n<p>Robert \u010cernel\u010d (1970) has graduated in painting from the Academy of Fine Arts and Design (ALUO) in Ljubljana, and film direction from the Ljubljana Academy of Theatre, Radio, Film and Television (AGRFT). He works across cinema, production design, video, and painting. Since 2015, he has taught at both ALUO and AGRFT.<\/p>\n\n\t\t<\/div>\n\t<\/div>\n<\/div><\/div><\/div><\/div><div class=\"vc_row wpb_row vc_inner vc_row-fluid jury-team-item\" ><div class=\"wpb_column vc_column_container vc_col-sm-3\"><div class=\"vc_column-inner\"><div class=\"wpb_wrapper\">\n\t<div  class=\"wpb_single_image wpb_content_element vc_align_left\">\n\t\t\n\t\t<figure class=\"wpb_wrapper vc_figure\">\n\t\t\t<div class=\"vc_single_image-wrapper vc_box_circle  vc_box_border_grey\"><img width=\"250\" height=\"250\" src=\"https:\/\/www.fsf.si\/2021\/wp-content\/uploads\/2021\/09\/ivansin.jpg\" class=\"vc_single_image-img attachment-large\" alt=\"\" loading=\"lazy\" srcset=\"https:\/\/www.fsf.si\/2021\/wp-content\/uploads\/2021\/09\/ivansin.jpg 250w, https:\/\/www.fsf.si\/2021\/wp-content\/uploads\/2021\/09\/ivansin-150x150.jpg 150w\" sizes=\"(max-width: 250px) 100vw, 250px\" \/><\/div>\n\t\t<\/figure>\n\t<\/div>\n<\/div><\/div><\/div><div class=\"wpb_column vc_column_container vc_col-sm-9\"><div class=\"vc_column-inner\"><div class=\"wpb_wrapper\">\n\t<div class=\"wpb_text_column wpb_content_element \" >\n\t\t<div class=\"wpb_wrapper\">\n\t\t\t<h1>Matjaz\u030c Ivani\u0161in<\/h1>\n<h2>director and screenwriter<\/h2>\n<p style=\"text-align: justify;\">Matja\u017e Ivani\u0161in (born in Maribor in 1981) is a freelance filmmaker with a degree in film directing, and a visiting lecturer at the Ljubljana Academy of Theatre, Radio, Film, and Television. His films have been screened at some of the key international film festivals such as FID Marseille, Locarno, Tribeca, and Rotterdam, and shown in film programmes of modern art museums like Centre Pompidou, MOMA, and ICA. He is a recipient of the Pre\u0161eren Fund Award<\/p>\n\n\t\t<\/div>\n\t<\/div>\n<\/div><\/div><\/div><\/div><div class=\"vc_row wpb_row vc_inner vc_row-fluid jury-team-item\" ><div class=\"wpb_column vc_column_container vc_col-sm-3\"><div class=\"vc_column-inner\"><div class=\"wpb_wrapper\">\n\t<div  class=\"wpb_single_image wpb_content_element vc_align_left\">\n\t\t\n\t\t<figure class=\"wpb_wrapper vc_figure\">\n\t\t\t<div class=\"vc_single_image-wrapper vc_box_circle  vc_box_border_grey\"><img width=\"250\" height=\"250\" src=\"https:\/\/www.fsf.si\/2021\/wp-content\/uploads\/2021\/09\/Hana.jpg\" class=\"vc_single_image-img attachment-large\" alt=\"\" loading=\"lazy\" srcset=\"https:\/\/www.fsf.si\/2021\/wp-content\/uploads\/2021\/09\/Hana.jpg 250w, https:\/\/www.fsf.si\/2021\/wp-content\/uploads\/2021\/09\/Hana-150x150.jpg 150w\" sizes=\"(max-width: 250px) 100vw, 250px\" \/><\/div>\n\t\t<\/figure>\n\t<\/div>\n<\/div><\/div><\/div><div class=\"wpb_column vc_column_container vc_col-sm-9\"><div class=\"vc_column-inner\"><div class=\"wpb_wrapper\">\n\t<div class=\"wpb_text_column wpb_content_element \" >\n\t\t<div class=\"wpb_wrapper\">\n\t\t\t<h1>Hana Rep\u0161e<\/h1>\n<h2>educator and Artistic Director of the Enimation festival<\/h2>\n<p>Hana Rep\u0161e is a graduate of the Faculty of Education in Maribor with a master\u2019s degree from the Ljubljana Academy of Fine Arts and Design. Since 2002, she has participated in, organised and implemented various culture &amp; arts education projects: the Elephant educational animation film programme, the Little Cinema Garden (\u2018Kino Vrti\u010dek\u2019), and ENIMATION, Education in animation. Rep\u0161e is a co-editor and co-author of the book \u2018Animation in Education\u2019, and the handbook \u2018Animirajmo!\u2019 (\u2018Let\u2019s Animate!\u2019). As an art educator, she has run animation education and training programmes for children, youngsters, and adults. As an animation instructor, she collaborates on the projects \u2018Developing <em>communication<\/em> competences through cultural-art education\u2019 (SKUM), the \u2018Primary School of Film\u2019 (FO\u0160), and \u2018Understanding Cinema\u2019, and has run workshops in Taiwan, Wales, Serbia, Austria, Croatia, etc. Since 2005, Rep\u0161e has mentored more than 250 films by children and young adults.<\/p>\n\n\t\t<\/div>\n\t<\/div>\n<\/div><\/div><\/div><\/div><div class=\"vc_empty_space\"   style=\"height: 32px\"><span class=\"vc_empty_space_inner\"><\/span><\/div><\/div><\/div><\/div><\/div>\n","protected":false},"excerpt":{"rendered":"Jury for feature films: Primoz\u030c Bezjak actor Primo\u017e Bezjak (1977), an actor, movement artist\/dancer, choreographer, and performer, [...]","protected":false},"author":3,"featured_media":0,"parent":0,"menu_order":0,"comment_status":"closed","ping_status":"closed","template":"","meta":[],"yoast_head":"<!-- This site is optimized with the Yoast SEO plugin v17.1 - https:\/\/yoast.com\/wordpress\/plugins\/seo\/ -->\n<title>Jury - FSF<\/title>\n<meta name=\"robots\" content=\"index, follow, max-snippet:-1, max-image-preview:large, max-video-preview:-1\" \/>\n<link rel=\"canonical\" href=\"https:\/\/www.fsf.si\/2021\/jury\/\" \/>\n<meta property=\"og:locale\" content=\"sl_SI\" \/>\n<meta property=\"og:type\" content=\"article\" \/>\n<meta property=\"og:title\" content=\"Jury - FSF\" \/>\n<meta property=\"og:url\" content=\"https:\/\/www.fsf.si\/2021\/en\/jury\/\" \/>\n<meta property=\"og:site_name\" content=\"FSF\" \/>\n<meta property=\"article:modified_time\" content=\"2021-10-02T18:36:29+00:00\" \/>\n<meta name=\"twitter:card\" content=\"summary_large_image\" \/>\n<meta name=\"twitter:label1\" content=\"Est. reading time\" \/>\n\t<meta name=\"twitter:data1\" content=\"5 minut\" \/>\n<script type=\"application\/ld+json\" class=\"yoast-schema-graph\">{\"@context\":\"https:\/\/schema.org\",\"@graph\":[{\"@type\":\"Organization\",\"@id\":\"https:\/\/www.fsf.si\/2021\/#organization\",\"name\":\"Festival Slovenskega Filma\",\"url\":\"https:\/\/www.fsf.si\/2021\/\",\"sameAs\":[],\"logo\":{\"@type\":\"ImageObject\",\"@id\":\"https:\/\/www.fsf.si\/2021\/#logo\",\"inLanguage\":\"sl-SI\",\"url\":\"https:\/\/www.fsf.si\/2021\/wp-content\/uploads\/2019\/06\/Slider-FSF.png\",\"contentUrl\":\"https:\/\/www.fsf.si\/2021\/wp-content\/uploads\/2019\/06\/Slider-FSF.png\",\"width\":4800,\"height\":1600,\"caption\":\"Festival Slovenskega Filma\"},\"image\":{\"@id\":\"https:\/\/www.fsf.si\/2021\/#logo\"}},{\"@type\":\"WebSite\",\"@id\":\"https:\/\/www.fsf.si\/2021\/#website\",\"url\":\"https:\/\/www.fsf.si\/2021\/\",\"name\":\"FSF\",\"description\":\"Festival Slovenskega Filma\",\"publisher\":{\"@id\":\"https:\/\/www.fsf.si\/2021\/#organization\"},\"potentialAction\":[{\"@type\":\"SearchAction\",\"target\":{\"@type\":\"EntryPoint\",\"urlTemplate\":\"https:\/\/www.fsf.si\/2021\/?s={search_term_string}\"},\"query-input\":\"required name=search_term_string\"}],\"inLanguage\":\"sl-SI\"},{\"@type\":\"WebPage\",\"@id\":\"https:\/\/www.fsf.si\/2021\/en\/jury\/#webpage\",\"url\":\"https:\/\/www.fsf.si\/2021\/en\/jury\/\",\"name\":\"Jury - FSF\",\"isPartOf\":{\"@id\":\"https:\/\/www.fsf.si\/2021\/#website\"},\"datePublished\":\"2019-08-25T13:23:20+00:00\",\"dateModified\":\"2021-10-02T18:36:29+00:00\",\"breadcrumb\":{\"@id\":\"https:\/\/www.fsf.si\/2021\/en\/jury\/#breadcrumb\"},\"inLanguage\":\"sl-SI\",\"potentialAction\":[{\"@type\":\"ReadAction\",\"target\":[\"https:\/\/www.fsf.si\/2021\/en\/jury\/\"]}]},{\"@type\":\"BreadcrumbList\",\"@id\":\"https:\/\/www.fsf.si\/2021\/en\/jury\/#breadcrumb\",\"itemListElement\":[{\"@type\":\"ListItem\",\"position\":1,\"name\":\"Home\",\"item\":\"https:\/\/www.fsf.si\/2021\/\"},{\"@type\":\"ListItem\",\"position\":2,\"name\":\"Jury\"}]}]}<\/script>\n<!-- \/ Yoast SEO plugin. -->","yoast_head_json":{"title":"Jury - FSF","robots":{"index":"index","follow":"follow","max-snippet":"max-snippet:-1","max-image-preview":"max-image-preview:large","max-video-preview":"max-video-preview:-1"},"canonical":"https:\/\/www.fsf.si\/2021\/jury\/","og_locale":"sl_SI","og_type":"article","og_title":"Jury - FSF","og_url":"https:\/\/www.fsf.si\/2021\/en\/jury\/","og_site_name":"FSF","article_modified_time":"2021-10-02T18:36:29+00:00","twitter_card":"summary_large_image","twitter_misc":{"Est. reading time":"5 minut"},"schema":{"@context":"https:\/\/schema.org","@graph":[{"@type":"Organization","@id":"https:\/\/www.fsf.si\/2021\/#organization","name":"Festival Slovenskega Filma","url":"https:\/\/www.fsf.si\/2021\/","sameAs":[],"logo":{"@type":"ImageObject","@id":"https:\/\/www.fsf.si\/2021\/#logo","inLanguage":"sl-SI","url":"https:\/\/www.fsf.si\/2021\/wp-content\/uploads\/2019\/06\/Slider-FSF.png","contentUrl":"https:\/\/www.fsf.si\/2021\/wp-content\/uploads\/2019\/06\/Slider-FSF.png","width":4800,"height":1600,"caption":"Festival Slovenskega Filma"},"image":{"@id":"https:\/\/www.fsf.si\/2021\/#logo"}},{"@type":"WebSite","@id":"https:\/\/www.fsf.si\/2021\/#website","url":"https:\/\/www.fsf.si\/2021\/","name":"FSF","description":"Festival Slovenskega Filma","publisher":{"@id":"https:\/\/www.fsf.si\/2021\/#organization"},"potentialAction":[{"@type":"SearchAction","target":{"@type":"EntryPoint","urlTemplate":"https:\/\/www.fsf.si\/2021\/?s={search_term_string}"},"query-input":"required name=search_term_string"}],"inLanguage":"sl-SI"},{"@type":"WebPage","@id":"https:\/\/www.fsf.si\/2021\/en\/jury\/#webpage","url":"https:\/\/www.fsf.si\/2021\/en\/jury\/","name":"Jury - FSF","isPartOf":{"@id":"https:\/\/www.fsf.si\/2021\/#website"},"datePublished":"2019-08-25T13:23:20+00:00","dateModified":"2021-10-02T18:36:29+00:00","breadcrumb":{"@id":"https:\/\/www.fsf.si\/2021\/en\/jury\/#breadcrumb"},"inLanguage":"sl-SI","potentialAction":[{"@type":"ReadAction","target":["https:\/\/www.fsf.si\/2021\/en\/jury\/"]}]},{"@type":"BreadcrumbList","@id":"https:\/\/www.fsf.si\/2021\/en\/jury\/#breadcrumb","itemListElement":[{"@type":"ListItem","position":1,"name":"Home","item":"https:\/\/www.fsf.si\/2021\/"},{"@type":"ListItem","position":2,"name":"Jury"}]}]}},"_links":{"self":[{"href":"https:\/\/www.fsf.si\/2021\/wp-json\/wp\/v2\/pages\/8025"}],"collection":[{"href":"https:\/\/www.fsf.si\/2021\/wp-json\/wp\/v2\/pages"}],"about":[{"href":"https:\/\/www.fsf.si\/2021\/wp-json\/wp\/v2\/types\/page"}],"author":[{"embeddable":true,"href":"https:\/\/www.fsf.si\/2021\/wp-json\/wp\/v2\/users\/3"}],"replies":[{"embeddable":true,"href":"https:\/\/www.fsf.si\/2021\/wp-json\/wp\/v2\/comments?post=8025"}],"version-history":[{"count":11,"href":"https:\/\/www.fsf.si\/2021\/wp-json\/wp\/v2\/pages\/8025\/revisions"}],"predecessor-version":[{"id":17782,"href":"https:\/\/www.fsf.si\/2021\/wp-json\/wp\/v2\/pages\/8025\/revisions\/17782"}],"wp:attachment":[{"href":"https:\/\/www.fsf.si\/2021\/wp-json\/wp\/v2\/media?parent=8025"}],"curies":[{"name":"wp","href":"https:\/\/api.w.org\/{rel}","templated":true}]}}