{"id":7645,"date":"2019-08-22T22:43:27","date_gmt":"2019-08-22T17:43:27","guid":{"rendered":"http:\/\/www.fsf.si\/2019\/?page_id=7645"},"modified":"2021-10-13T10:13:38","modified_gmt":"2021-10-13T08:13:38","slug":"pogovori-z-ustvarjalci","status":"publish","type":"page","link":"https:\/\/www.fsf.si\/2021\/pogovori-z-ustvarjalci\/","title":{"rendered":"Pogovori z ustvarjalci"},"content":{"rendered":"<div class=\"vc_row wpb_row vc_row-fluid jury-team-item\" ><div class=\"wpb_column vc_column_container vc_col-sm-12\"><div class=\"vc_column-inner\"><div class=\"wpb_wrapper\">\n\t<div class=\"wpb_text_column wpb_content_element \" >\n\t\t<div class=\"wpb_wrapper\">\n\t\t\t<p><strong>POGOVORI Z USTVARJALCI &#8211; FSF 2021<\/strong><\/p>\n<p>Bela dvorana, Avditorij Portoro\u017e (pogovore bodo povezovali Denis Vali\u010d, Tina Poglajen in Toni Cahunek)<\/p>\n<p>&nbsp;<\/p>\n<p><strong>SREDA, 13. 10.<\/strong><\/p>\n<p>10.00 \u2013 10.25 INVENTURA, Darko Sinko, 106&#8242;, igrani (CF) TONI<\/p>\n<p>&nbsp;<\/p>\n<p><strong>\u010cETRTEK, 14. 10.<\/strong><\/p>\n<p>10.00 \u2013 10.10 VDOR, Matev\u017e Jerman, Niko Novak, 11&#8242;, eksperimentalni (KF) DENIS<\/p>\n<p>10.15 \u2013 10.25 OPAZOVALEC SMRTI, Jani Sever, 15\u2019, dokumentarni (KF) DENIS<\/p>\n<p>10.30 \u2013 10.40 POZABLJENI GROB, Zvezdan Marti\u0107, 51\u2019, dokumentarni (SMF) DENIS<\/p>\n<p>10.45 \u2013 10.55 91, Luka \u0160tigl, 26&#8242;, igrani (KF) TINA<\/p>\n<p>11.00 &#8211; 11.10 TA PRESNETA O\u010cETOVA KAMERA, Milo\u0161 Tomi\u0107, 6&#8242;, animirani (KF) TINA<\/p>\n<p>11.15 &#8211; 11.25 BABI\u010cINO SEKSUALNO \u017dIVLJENJE, Ur\u0161ka Djuki\u0107, Emilie Pigeard, 13&#8242;, animirani (KF) TINA<\/p>\n<p>11.30 \u2013 11.45 ISKRE V \u010cASU &#8211; SVETOVNI RA\u010cUNALNI\u0160KI PODVIG, Jurij Gruden, 81\u2019, dokumentarni (CF) DENIS<\/p>\n<p>11.50 \u2013 12.00 SUTHERLAND V OKVIRJU, Matja\u017e Jamnik, Gaja Naja Rojec, 21&#8242;, dokumentarni (KF) TONI<\/p>\n<p>12.05 &#8211; 12.15 NE MORETE ME AVTOMATIZIRATI, Katarina Jazbec, 21&#8242;, dokumentarni (KF) TONI<\/p>\n<p>12.20 \u2013 12.35 FILMSKI OBZORNIK 80 &#8211; METKA, MEKI, Nika Autor, 78\u2019, dokumentarni (CF) TINA<\/p>\n<p>12.40 \u2013 12.55 OAZA, Ivan Iki\u0107, 122&#8242;, igrani (MSK) DENIS<\/p>\n<p>13.00 \u2013 13.25 NEKO\u010c SO BILI LJUDJE, Goran Vojnovi\u0107, 89\u2019, igrani (CF) TINA<\/p>\n<p>13.30 \u2013 13.55 ODPU\u0160\u010cANJE, Marija Zidar, 82&#8242;, dokumentarni (CF) TONI<\/p>\n<p>&nbsp;<\/p>\n<p><strong>PETEK, 15. 10.<\/strong><\/p>\n<p>10.00 \u2013 10.10 SINOVI BURJE, Miha \u010celar, 63\u2019, dokumentarni (SMF) TINA<\/p>\n<p>10.15 \u2013 10.25 SPACAPUFI, Jaka Ivanc, 11&#8242;, animirani (KF) DENIS<\/p>\n<p>10.30 &#8211; 10.40 MAGI\u010cNI GRAD, Ester Ivaki\u010d, 3&#8242;, eksperimentalni (KF) DENIS<\/p>\n<p>10.45 &#8211; 10.55 ULOV, Ana Gruden, 20&#8242;, igrani (KF) DENIS<\/p>\n<p>11.00 &#8211; 11.10 KAZENSKI STREL, Rok Bi\u010dek, 15&#8242;, igrani (KF) DENIS<\/p>\n<p>11.15 \u2013 11.30 STAREC IN \u0160TORKLJA, Tomislav Jelin\u010di\u0107, 77\u2019, dokumentarni (MSK) TONI<\/p>\n<p>11.35 \u2013 11.50 PO TAMBURI, Stanislav Tomi\u0107, 86\u2019, igrani (MSK) TINA<\/p>\n<p>11.55 \u2013 12.10 MODELAR, Petr Zelenka, 109\u2019, igrani (MSK) DENIS<\/p>\n<p>12.15 \u2013 12.30 MORENA, Antonela Alamat Kusijanovi\u0107, 94\u2019, igrani (MSK) TONI<\/p>\n<p>&nbsp;<\/p>\n<p><strong>SOBOTA, 16. 10.<\/strong><\/p>\n<p>10.00 \u2013 10.25 SANREMO, Miroslav Mandi\u0107, 85&#8242;, igrani (CF) TONI<\/p>\n<p>10.30 \u2013 10.45 HOMO, Igor Ivanov, 96\u2019, igrani (MSK) TINA<\/p>\n<p>10.50 \u2013 11.15 SEPTEMBRSKA KLASA, Igor \u0160terk, 78\u2019, dokumentarni (CF) TONI<\/p>\n<p>11.20 \u2013 11.30 KOMAJ \u010cAKAM, DA PRIDE\u0160, Toma\u017e Grom, 29\u2019, dokumentarni (KF) DENIS<\/p>\n<p>11.35 \u2013 11.45 LABOD, Evelin Bizjak, Neja Raku\u0161\u010dek, Monika Rusak, Ru\u017eica Anja Tadi\u0107, Tja\u0161a Tomc, 6\u2019, dokumentarni (KF) DENIS<\/p>\n<p>11.50 &#8211; 12.00 POKA\u017dI MI SVOJO ROKO &amp; DAJ NO, Robi Predani\u010d, Alen Predani\u010d, 5&#8242;, igrano eksperimentalni (KF) DENIS<\/p>\n<p>12.05 &#8211; 12.15 OSVOBODITEV LIBIDA, \u017diga Virc, 18&#8242;, igrani (KF) TINA<\/p>\n<p>12.20 &#8211; 12.30 SUDDEN GUST OF WIND, Davor Kralj, 9&#8242;, igrani (KF) TINA<\/p>\n<p>12.35 &#8211; 12.45 POSLEDNJI DAN PATRIARHATA, Olmo Omerzu, 16&#8242;, igrani (KF) TINA<\/p>\n<p>12.50 &#8211; 13.05 TELESCE, Laura Samani, 89&#8242;, igrani (MSK) TINA<\/p>\n<p>13.10 \u2013 13.25 NEBESA, Sr\u0111an Dragojevi\u0107, 122&#8242;, igrani (MSK) DENIS<\/p>\n<p>&nbsp;<\/p>\n<p><strong>NEDELJA, 17. 10.<\/strong><\/p>\n<p>10.00 \u2013 10.25 AMEBA, Bla\u017e Zavr\u0161nik, 72\u2019, igrani (CF) DENIS<\/p>\n<p>10.30 \u2013 10.40 DELAVCI ZAPU\u0160\u010cAJO TOVARNO, Neja Tom\u0161i\u010d, 21&#8242;, dokumentarni (KF) TINA<\/p>\n<p>10.45 &#8211; 10.55 STEAKHOUSE, \u0160pela \u010cade\u017e, 9&#8242;, animirani (KF) TINA<\/p>\n<p>11.00 &#8211; 11.10 SESTRE, Kukla, 24&#8242;, igrani (KF) TINA<\/p>\n<p>11.15 &#8211; 11.30 \u017dICA, Tiha K. Gudac, 75&#8242;, dokumentarni (MSK) TONI<\/p>\n<p>11.35 \u2013 12.00 ZASTOJ, Vinko M\u00f6derndorfer, 87\u2019, igrani (CF) TINA<\/p>\n<p>12.05 \u2013 12.30 PRASICA, SLAB\u0160ALNI IZRAZ ZA \u017dENSKO, Tijana Zinaji\u0107, 89\u2019, igrani (CF) DENIS<\/p>\n\n\t\t<\/div>\n\t<\/div>\n<\/div><\/div><\/div><\/div><div class=\"vc_row wpb_row vc_row-fluid vc_custom_1634112817119\" ><div class=\"wpb_column vc_column_container vc_col-sm-12\"><div class=\"vc_column-inner\"><div class=\"wpb_wrapper\">\n\t<div class=\"wpb_text_column wpb_content_element \" >\n\t\t<div class=\"wpb_wrapper\">\n\t\t\t<h2>Prenos v \u017eivo<\/h2>\n\n\t\t<\/div>\n\t<\/div>\n<\/div><\/div><\/div><\/div><div class=\"vc_row wpb_row vc_row-fluid\" ><div class=\"wpb_column vc_column_container vc_col-sm-12\"><div class=\"vc_column-inner\"><div class=\"wpb_wrapper\">\n\t<div class=\"wpb_raw_code wpb_content_element wpb_raw_html\" >\n\t\t<div class=\"wpb_wrapper\">\n\t\t\t<iframe width=\"854\" height=\"480\" src=\"https:\/\/video.arnes.si\/embed\/live\/0kwjbvzsr5qc\" frameborder=\"0\" webkitallowfullscreen=\"\" mozallowfullscreen=\"\" allowfullscreen=\"\"><\/iframe>\n\t\t<\/div>\n\t<\/div>\n<\/div><\/div><\/div><\/div>\n","protected":false},"excerpt":{"rendered":"POGOVORI Z USTVARJALCI - FSF 2021 Bela dvorana, Avditorij Portoro\u017e (pogovore bodo povezovali Denis Vali\u010d, Tina Poglajen [...]","protected":false},"author":1,"featured_media":0,"parent":0,"menu_order":0,"comment_status":"closed","ping_status":"closed","template":"","meta":[],"yoast_head":"<!-- This site is optimized with the Yoast SEO plugin v17.1 - https:\/\/yoast.com\/wordpress\/plugins\/seo\/ -->\n<title>Pogovori z ustvarjalci - FSF<\/title>\n<meta name=\"robots\" content=\"index, follow, max-snippet:-1, max-image-preview:large, max-video-preview:-1\" \/>\n<link rel=\"canonical\" href=\"https:\/\/www.fsf.si\/2021\/pogovori-z-ustvarjalci\/\" \/>\n<meta property=\"og:locale\" content=\"sl_SI\" \/>\n<meta property=\"og:type\" content=\"article\" \/>\n<meta property=\"og:title\" content=\"Pogovori z ustvarjalci - FSF\" \/>\n<meta property=\"og:url\" content=\"https:\/\/www.fsf.si\/2021\/pogovori-z-ustvarjalci\/\" \/>\n<meta property=\"og:site_name\" content=\"FSF\" \/>\n<meta property=\"article:modified_time\" content=\"2021-10-13T08:13:38+00:00\" \/>\n<meta name=\"twitter:card\" content=\"summary_large_image\" \/>\n<meta name=\"twitter:label1\" content=\"Est. reading time\" \/>\n\t<meta name=\"twitter:data1\" content=\"3 minute\" \/>\n<script type=\"application\/ld+json\" class=\"yoast-schema-graph\">{\"@context\":\"https:\/\/schema.org\",\"@graph\":[{\"@type\":\"Organization\",\"@id\":\"https:\/\/www.fsf.si\/2021\/#organization\",\"name\":\"Festival Slovenskega Filma\",\"url\":\"https:\/\/www.fsf.si\/2021\/\",\"sameAs\":[],\"logo\":{\"@type\":\"ImageObject\",\"@id\":\"https:\/\/www.fsf.si\/2021\/#logo\",\"inLanguage\":\"sl-SI\",\"url\":\"https:\/\/www.fsf.si\/2021\/wp-content\/uploads\/2019\/06\/Slider-FSF.png\",\"contentUrl\":\"https:\/\/www.fsf.si\/2021\/wp-content\/uploads\/2019\/06\/Slider-FSF.png\",\"width\":4800,\"height\":1600,\"caption\":\"Festival Slovenskega Filma\"},\"image\":{\"@id\":\"https:\/\/www.fsf.si\/2021\/#logo\"}},{\"@type\":\"WebSite\",\"@id\":\"https:\/\/www.fsf.si\/2021\/#website\",\"url\":\"https:\/\/www.fsf.si\/2021\/\",\"name\":\"FSF\",\"description\":\"Festival Slovenskega Filma\",\"publisher\":{\"@id\":\"https:\/\/www.fsf.si\/2021\/#organization\"},\"potentialAction\":[{\"@type\":\"SearchAction\",\"target\":{\"@type\":\"EntryPoint\",\"urlTemplate\":\"https:\/\/www.fsf.si\/2021\/?s={search_term_string}\"},\"query-input\":\"required name=search_term_string\"}],\"inLanguage\":\"sl-SI\"},{\"@type\":\"WebPage\",\"@id\":\"https:\/\/www.fsf.si\/2021\/pogovori-z-ustvarjalci\/#webpage\",\"url\":\"https:\/\/www.fsf.si\/2021\/pogovori-z-ustvarjalci\/\",\"name\":\"Pogovori z ustvarjalci - FSF\",\"isPartOf\":{\"@id\":\"https:\/\/www.fsf.si\/2021\/#website\"},\"datePublished\":\"2019-08-22T17:43:27+00:00\",\"dateModified\":\"2021-10-13T08:13:38+00:00\",\"breadcrumb\":{\"@id\":\"https:\/\/www.fsf.si\/2021\/pogovori-z-ustvarjalci\/#breadcrumb\"},\"inLanguage\":\"sl-SI\",\"potentialAction\":[{\"@type\":\"ReadAction\",\"target\":[\"https:\/\/www.fsf.si\/2021\/pogovori-z-ustvarjalci\/\"]}]},{\"@type\":\"BreadcrumbList\",\"@id\":\"https:\/\/www.fsf.si\/2021\/pogovori-z-ustvarjalci\/#breadcrumb\",\"itemListElement\":[{\"@type\":\"ListItem\",\"position\":1,\"name\":\"Home\",\"item\":\"https:\/\/www.fsf.si\/2021\/\"},{\"@type\":\"ListItem\",\"position\":2,\"name\":\"Pogovori z ustvarjalci\"}]}]}<\/script>\n<!-- \/ Yoast SEO plugin. -->","yoast_head_json":{"title":"Pogovori z ustvarjalci - FSF","robots":{"index":"index","follow":"follow","max-snippet":"max-snippet:-1","max-image-preview":"max-image-preview:large","max-video-preview":"max-video-preview:-1"},"canonical":"https:\/\/www.fsf.si\/2021\/pogovori-z-ustvarjalci\/","og_locale":"sl_SI","og_type":"article","og_title":"Pogovori z ustvarjalci - FSF","og_url":"https:\/\/www.fsf.si\/2021\/pogovori-z-ustvarjalci\/","og_site_name":"FSF","article_modified_time":"2021-10-13T08:13:38+00:00","twitter_card":"summary_large_image","twitter_misc":{"Est. reading time":"3 minute"},"schema":{"@context":"https:\/\/schema.org","@graph":[{"@type":"Organization","@id":"https:\/\/www.fsf.si\/2021\/#organization","name":"Festival Slovenskega Filma","url":"https:\/\/www.fsf.si\/2021\/","sameAs":[],"logo":{"@type":"ImageObject","@id":"https:\/\/www.fsf.si\/2021\/#logo","inLanguage":"sl-SI","url":"https:\/\/www.fsf.si\/2021\/wp-content\/uploads\/2019\/06\/Slider-FSF.png","contentUrl":"https:\/\/www.fsf.si\/2021\/wp-content\/uploads\/2019\/06\/Slider-FSF.png","width":4800,"height":1600,"caption":"Festival Slovenskega Filma"},"image":{"@id":"https:\/\/www.fsf.si\/2021\/#logo"}},{"@type":"WebSite","@id":"https:\/\/www.fsf.si\/2021\/#website","url":"https:\/\/www.fsf.si\/2021\/","name":"FSF","description":"Festival Slovenskega Filma","publisher":{"@id":"https:\/\/www.fsf.si\/2021\/#organization"},"potentialAction":[{"@type":"SearchAction","target":{"@type":"EntryPoint","urlTemplate":"https:\/\/www.fsf.si\/2021\/?s={search_term_string}"},"query-input":"required name=search_term_string"}],"inLanguage":"sl-SI"},{"@type":"WebPage","@id":"https:\/\/www.fsf.si\/2021\/pogovori-z-ustvarjalci\/#webpage","url":"https:\/\/www.fsf.si\/2021\/pogovori-z-ustvarjalci\/","name":"Pogovori z ustvarjalci - FSF","isPartOf":{"@id":"https:\/\/www.fsf.si\/2021\/#website"},"datePublished":"2019-08-22T17:43:27+00:00","dateModified":"2021-10-13T08:13:38+00:00","breadcrumb":{"@id":"https:\/\/www.fsf.si\/2021\/pogovori-z-ustvarjalci\/#breadcrumb"},"inLanguage":"sl-SI","potentialAction":[{"@type":"ReadAction","target":["https:\/\/www.fsf.si\/2021\/pogovori-z-ustvarjalci\/"]}]},{"@type":"BreadcrumbList","@id":"https:\/\/www.fsf.si\/2021\/pogovori-z-ustvarjalci\/#breadcrumb","itemListElement":[{"@type":"ListItem","position":1,"name":"Home","item":"https:\/\/www.fsf.si\/2021\/"},{"@type":"ListItem","position":2,"name":"Pogovori z ustvarjalci"}]}]}},"_links":{"self":[{"href":"https:\/\/www.fsf.si\/2021\/wp-json\/wp\/v2\/pages\/7645"}],"collection":[{"href":"https:\/\/www.fsf.si\/2021\/wp-json\/wp\/v2\/pages"}],"about":[{"href":"https:\/\/www.fsf.si\/2021\/wp-json\/wp\/v2\/types\/page"}],"author":[{"embeddable":true,"href":"https:\/\/www.fsf.si\/2021\/wp-json\/wp\/v2\/users\/1"}],"replies":[{"embeddable":true,"href":"https:\/\/www.fsf.si\/2021\/wp-json\/wp\/v2\/comments?post=7645"}],"version-history":[{"count":21,"href":"https:\/\/www.fsf.si\/2021\/wp-json\/wp\/v2\/pages\/7645\/revisions"}],"predecessor-version":[{"id":18676,"href":"https:\/\/www.fsf.si\/2021\/wp-json\/wp\/v2\/pages\/7645\/revisions\/18676"}],"wp:attachment":[{"href":"https:\/\/www.fsf.si\/2021\/wp-json\/wp\/v2\/media?parent=7645"}],"curies":[{"name":"wp","href":"https:\/\/api.w.org\/{rel}","templated":true}]}}