{"id":4662,"date":"2019-06-07T17:13:23","date_gmt":"2019-06-07T17:13:23","guid":{"rendered":"http:\/\/www.fsf.si\/2019\/?page_id=4662"},"modified":"2021-10-04T18:06:54","modified_gmt":"2021-10-04T16:06:54","slug":"strokovna-zirija","status":"publish","type":"page","link":"https:\/\/www.fsf.si\/2021\/strokovna-zirija\/","title":{"rendered":"Strokovna \u017eirija"},"content":{"rendered":"<div class=\"vc_row wpb_row vc_row-fluid\" ><div class=\"wpb_column vc_column_container vc_col-sm-12\"><div class=\"vc_column-inner\"><div class=\"wpb_wrapper\"><div class=\"vc_empty_space\"   style=\"height: 32px\"><span class=\"vc_empty_space_inner\"><\/span><\/div><div id=\"ts-vcsc-textillate-8847776\" class=\"ts-textillate   \" data-loop=\"false\" data-delay=\"100\" data-in-effect=\"ts-composer-css-bounce\" data-in-sync=\"false\" data-in-shuffle=\"false\" data-in-reverse=\"false\"  style=\"color: #000000 !important; font-size: 36px; line-height: 36px; font-weight: inherit; text-align: left; margin-top: 0px; margin-bottom: 0px;\">Strokovno \u017eirijo za celove\u010derne filme sestavljajo:<\/div><div class=\"vc_row wpb_row vc_inner vc_row-fluid jury-team-item\" ><div class=\"wpb_column vc_column_container vc_col-sm-3\"><div class=\"vc_column-inner\"><div class=\"wpb_wrapper\">\n\t<div  class=\"wpb_single_image wpb_content_element vc_align_left\">\n\t\t\n\t\t<figure class=\"wpb_wrapper vc_figure\">\n\t\t\t<div class=\"vc_single_image-wrapper vc_box_circle  vc_box_border_grey\"><img width=\"768\" height=\"768\" src=\"https:\/\/www.fsf.si\/2021\/wp-content\/uploads\/2021\/09\/pDuxpSGw.jpeg\" class=\"vc_single_image-img attachment-full\" alt=\"\" loading=\"lazy\" srcset=\"https:\/\/www.fsf.si\/2021\/wp-content\/uploads\/2021\/09\/pDuxpSGw.jpeg 768w, https:\/\/www.fsf.si\/2021\/wp-content\/uploads\/2021\/09\/pDuxpSGw-300x300.jpeg 300w, https:\/\/www.fsf.si\/2021\/wp-content\/uploads\/2021\/09\/pDuxpSGw-150x150.jpeg 150w, https:\/\/www.fsf.si\/2021\/wp-content\/uploads\/2021\/09\/pDuxpSGw-550x550.jpeg 550w\" sizes=\"(max-width: 768px) 100vw, 768px\" \/><\/div>\n\t\t<\/figure>\n\t<\/div>\n<\/div><\/div><\/div><div class=\"wpb_column vc_column_container vc_col-sm-9\"><div class=\"vc_column-inner\"><div class=\"wpb_wrapper\">\n\t<div class=\"wpb_text_column wpb_content_element \" >\n\t\t<div class=\"wpb_wrapper\">\n\t\t\t<h1>Primoz\u030c Bezjak<\/h1>\n<h2>dramski in filmski igralec<\/h2>\n<p style=\"text-align: justify;\">Primo\u017e Bezjak (1977), igralec, gibalec\/plesalec, koreograf in performer, je v slovenskem gledali\u0161kem prostoru dejavno navzo\u010d \u017ee vsaj od leta 1999, ko je postal redni \u010dlan skupine Betontanc. Od takrat je aktiven tako v okviru gledali\u0161kih institucij kot neodvisne plesne in gledali\u0161ke produkcije, v mednarodnih koprodukcijah in na filmu. Od leta 2008 je stalni \u010dlan Slovenskega mladinskega gledali\u0161\u010da in od leta 2010 \u010dlan kolektiva Beton Ltd. Prejemnik zlate ptice (2003), \u017dupan\u010di\u010deve nagrade (2011) ter vesne za glavno mo\u0161ko vlogo (2020).<\/p>\n\n\t\t<\/div>\n\t<\/div>\n<\/div><\/div><\/div><\/div><div class=\"vc_row wpb_row vc_inner vc_row-fluid jury-team-item\" ><div class=\"wpb_column vc_column_container vc_col-sm-3\"><div class=\"vc_column-inner\"><div class=\"wpb_wrapper\">\n\t<div  class=\"wpb_single_image wpb_content_element vc_align_left\">\n\t\t\n\t\t<figure class=\"wpb_wrapper vc_figure\">\n\t\t\t<div class=\"vc_single_image-wrapper vc_box_circle  vc_box_border_grey\"><img width=\"250\" height=\"250\" src=\"https:\/\/www.fsf.si\/2021\/wp-content\/uploads\/2021\/09\/dana.jpg\" class=\"vc_single_image-img attachment-large\" alt=\"\" loading=\"lazy\" srcset=\"https:\/\/www.fsf.si\/2021\/wp-content\/uploads\/2021\/09\/dana.jpg 250w, https:\/\/www.fsf.si\/2021\/wp-content\/uploads\/2021\/09\/dana-150x150.jpg 150w\" sizes=\"(max-width: 250px) 100vw, 250px\" \/><\/div>\n\t\t<\/figure>\n\t<\/div>\n<\/div><\/div><\/div><div class=\"wpb_column vc_column_container vc_col-sm-9\"><div class=\"vc_column-inner\"><div class=\"wpb_wrapper\">\n\t<div class=\"wpb_text_column wpb_content_element \" >\n\t\t<div class=\"wpb_wrapper\">\n\t\t\t<h1>Dana Budisavljevi\u0107<\/h1>\n<h2>re\u017eiserka in producentka<\/h2>\n<p style=\"text-align: justify;\">Dana Budisavljevi\u0107 (Zagreb, 1975) je diplomirala iz filmske in televizijske monta\u017ee na Akademiji za dramsko umetnost v Zagrebu. Sprva je delala kot monta\u017eerka, asistentka produkcije in organizatorica filmskih festivalov. Njen re\u017eijski prvenec je bil dokumentarni film Vse pet! (2004), \u0161ir\u0161o prepoznavnost pa je dosegla z avtobiografskim dokumentarcem Nije ti \u017eivot pjesma Havaja (2012), ki govori o razkritju spolne usmerjenosti. Kot producentka se je podpisala pod dokumentarno serijo Betonski spava\u010di v re\u017eiji Sa\u0161e Bana ter filmi, kot sta Lijepo mi je s tobom zna\u0161 Eve Kraljevi\u0107 in Onda vidim Tanju Juraja Leroti\u0107a. Danin dolgometra\u017eni prvenec Dnevnik Diane Budisavljevi\u0107 je eden najvidnej\u0161ih in najbolj odmevnih filmov zadnjega desetletja na Hrva\u0161kem in v regiji. Po zmagoslavju na filmskem festivalu v Pulju je osvojil \u0161e 20 nagrad in do\u017eivel redno distribucijo v kinematografih na Hrva\u0161kem, v Srbiji, BiH in Sloveniji.<\/p>\n\n\t\t<\/div>\n\t<\/div>\n<\/div><\/div><\/div><\/div><div class=\"vc_row wpb_row vc_inner vc_row-fluid jury-team-item\" ><div class=\"wpb_column vc_column_container vc_col-sm-3\"><div class=\"vc_column-inner\"><div class=\"wpb_wrapper\">\n\t<div  class=\"wpb_single_image wpb_content_element vc_align_left\">\n\t\t\n\t\t<figure class=\"wpb_wrapper vc_figure\">\n\t\t\t<div class=\"vc_single_image-wrapper vc_box_circle  vc_box_border_grey\"><img width=\"250\" height=\"250\" src=\"https:\/\/www.fsf.si\/2021\/wp-content\/uploads\/2021\/09\/Zelimir.jpg\" class=\"vc_single_image-img attachment-large\" alt=\"\" loading=\"lazy\" srcset=\"https:\/\/www.fsf.si\/2021\/wp-content\/uploads\/2021\/09\/Zelimir.jpg 250w, https:\/\/www.fsf.si\/2021\/wp-content\/uploads\/2021\/09\/Zelimir-150x150.jpg 150w\" sizes=\"(max-width: 250px) 100vw, 250px\" \/><\/div>\n\t\t<\/figure>\n\t<\/div>\n<\/div><\/div><\/div><div class=\"wpb_column vc_column_container vc_col-sm-9\"><div class=\"vc_column-inner\"><div class=\"wpb_wrapper\">\n\t<div class=\"wpb_text_column wpb_content_element \" >\n\t\t<div class=\"wpb_wrapper\">\n\t\t\t<h1>\u017delimir \u017dilnik<\/h1>\n<h2>re\u017eiser in scenarist<\/h2>\n<p style=\"text-align: justify;\">\u017delimir \u017dilnik (rojen leta 1942 v Jugoslaviji) je filmski ustvarjalec iz Novega Sada. V svoji izjemno plodoviti karieri je posnel ve\u010d kot 50 celove\u010dernih in kratkih filmov, ki so bili prikazani na filmskih festivalih po vsem svetu, med drugim v Berlinu, Torontu, Rotterdamu, Moskvi in Oberhausnu. Od konca 60-ih let so mu njegovi dru\u017ebeno anga\u017eirani filmi v nekdanji Jugoslaviji prina\u0161ali priznanja, zaradi neomajne kritike vladnega aparata pa v 70-ih in 90-ih letih tudi cenzuro. Vse njegovo delo zaznamuje sposobnost opazovanja in iskanja vznemirljivih zgodb v \u017eivljenju navadnih ljudi.<\/p>\n\n\t\t<\/div>\n\t<\/div>\n<\/div><\/div><\/div><\/div><div class=\"vc_empty_space\"   style=\"height: 32px\"><span class=\"vc_empty_space_inner\"><\/span><\/div><div class=\"vc_empty_space\"   style=\"height: 32px\"><span class=\"vc_empty_space_inner\"><\/span><\/div><div id=\"ts-vcsc-textillate-9866947\" class=\"ts-textillate   \" data-loop=\"false\" data-delay=\"100\" data-in-effect=\"ts-composer-css-bounce\" data-in-sync=\"false\" data-in-shuffle=\"false\" data-in-reverse=\"false\"  style=\"color: #000000 !important; font-size: 31px; line-height: 31px; font-weight: inherit; text-align: left; margin-top: 0px; margin-bottom: 0px;\">Strokovno \u017eirijo za kratke igrane, dokumentarne, eksperimentalne, animirane in \u0161tudijske filme sestavljajo:<\/div><div class=\"vc_row wpb_row vc_inner vc_row-fluid jury-team-item\" ><div class=\"wpb_column vc_column_container vc_col-sm-3\"><div class=\"vc_column-inner\"><div class=\"wpb_wrapper\">\n\t<div  class=\"wpb_single_image wpb_content_element vc_align_left\">\n\t\t\n\t\t<figure class=\"wpb_wrapper vc_figure\">\n\t\t\t<div class=\"vc_single_image-wrapper vc_box_circle  vc_box_border_grey\"><img width=\"250\" height=\"250\" src=\"https:\/\/www.fsf.si\/2021\/wp-content\/uploads\/2021\/09\/cern.jpg\" class=\"vc_single_image-img attachment-large\" alt=\"\" loading=\"lazy\" srcset=\"https:\/\/www.fsf.si\/2021\/wp-content\/uploads\/2021\/09\/cern.jpg 250w, https:\/\/www.fsf.si\/2021\/wp-content\/uploads\/2021\/09\/cern-150x150.jpg 150w\" sizes=\"(max-width: 250px) 100vw, 250px\" \/><\/div>\n\t\t<\/figure>\n\t<\/div>\n<\/div><\/div><\/div><div class=\"wpb_column vc_column_container vc_col-sm-9\"><div class=\"vc_column-inner\"><div class=\"wpb_wrapper\">\n\t<div class=\"wpb_text_column wpb_content_element \" >\n\t\t<div class=\"wpb_wrapper\">\n\t\t\t<h1>Robert \u010cernelc\u030c,<\/h1>\n<h2>re\u017eiser in vizualni umetnik<\/h2>\n<p style=\"text-align: justify;\">Robert \u010cernel\u010d (1970) je zaklju\u010dil \u0161tudij slikarstva na Akademiji za likovno umetnost v Ljubljani in \u0161tudij filmske re\u017eije na Akademiji za gledali\u0161\u010de, radio, film in televizijo. Ukvarja se s filmom, scenografijo, videom in slikarstvom in je \u010dlan Dru\u0161tva slovenskih re\u017eiserjev. Od leta 2015 predava na ALUO in AGRFT v Ljubljani.<\/p>\n\n\t\t<\/div>\n\t<\/div>\n<\/div><\/div><\/div><\/div><div class=\"vc_row wpb_row vc_inner vc_row-fluid jury-team-item\" ><div class=\"wpb_column vc_column_container vc_col-sm-3\"><div class=\"vc_column-inner\"><div class=\"wpb_wrapper\">\n\t<div  class=\"wpb_single_image wpb_content_element vc_align_left\">\n\t\t\n\t\t<figure class=\"wpb_wrapper vc_figure\">\n\t\t\t<div class=\"vc_single_image-wrapper vc_box_circle  vc_box_border_grey\"><img width=\"250\" height=\"250\" src=\"https:\/\/www.fsf.si\/2021\/wp-content\/uploads\/2021\/09\/ivansin.jpg\" class=\"vc_single_image-img attachment-large\" alt=\"\" loading=\"lazy\" srcset=\"https:\/\/www.fsf.si\/2021\/wp-content\/uploads\/2021\/09\/ivansin.jpg 250w, https:\/\/www.fsf.si\/2021\/wp-content\/uploads\/2021\/09\/ivansin-150x150.jpg 150w\" sizes=\"(max-width: 250px) 100vw, 250px\" \/><\/div>\n\t\t<\/figure>\n\t<\/div>\n<\/div><\/div><\/div><div class=\"wpb_column vc_column_container vc_col-sm-9\"><div class=\"vc_column-inner\"><div class=\"wpb_wrapper\">\n\t<div class=\"wpb_text_column wpb_content_element \" >\n\t\t<div class=\"wpb_wrapper\">\n\t\t\t<h1>Matjaz\u030c Ivani\u0161in<\/h1>\n<h2>re\u017eiser in scenarist<\/h2>\n<p style=\"text-align: justify;\">Matja\u017e Ivani\u0161in (rojen leta 1981 v Mariboru) je diplomirani filmski re\u017eiser. Deluje kot samozaposlen v kulturi ter kot zunanji sodelavec predava na AGRFT v Ljubljani. Njegovi filmi so bili prikazani na pomembnih mednarodnih filmskih festivalih, kot so FID Marseille, Locarno, Tribeca in Rotterdam, ter predstavljeni v filmskih programih muzejev moderne umetnosti, kot so Centre Pompidou, MOMA in ICA. Je prejemnik nagrade Pre\u0161ernovega sklada.<\/p>\n\n\t\t<\/div>\n\t<\/div>\n<\/div><\/div><\/div><\/div><div class=\"vc_row wpb_row vc_inner vc_row-fluid jury-team-item\" ><div class=\"wpb_column vc_column_container vc_col-sm-3\"><div class=\"vc_column-inner\"><div class=\"wpb_wrapper\">\n\t<div  class=\"wpb_single_image wpb_content_element vc_align_left\">\n\t\t\n\t\t<figure class=\"wpb_wrapper vc_figure\">\n\t\t\t<div class=\"vc_single_image-wrapper vc_box_circle  vc_box_border_grey\"><img width=\"250\" height=\"250\" src=\"https:\/\/www.fsf.si\/2021\/wp-content\/uploads\/2021\/09\/Hana.jpg\" class=\"vc_single_image-img attachment-large\" alt=\"\" loading=\"lazy\" srcset=\"https:\/\/www.fsf.si\/2021\/wp-content\/uploads\/2021\/09\/Hana.jpg 250w, https:\/\/www.fsf.si\/2021\/wp-content\/uploads\/2021\/09\/Hana-150x150.jpg 150w\" sizes=\"(max-width: 250px) 100vw, 250px\" \/><\/div>\n\t\t<\/figure>\n\t<\/div>\n<\/div><\/div><\/div><div class=\"wpb_column vc_column_container vc_col-sm-9\"><div class=\"vc_column-inner\"><div class=\"wpb_wrapper\">\n\t<div class=\"wpb_text_column wpb_content_element \" >\n\t\t<div class=\"wpb_wrapper\">\n\t\t\t<h1>Hana Rep\u0161e<\/h1>\n<h2>pedagoginja in programski vodja festivala Enimation<\/h2>\n<p style=\"text-align: justify;\">Hana Rep\u0161e je diplomirala na Pedago\u0161ki fakulteti v Mariboru in zaklju\u010dila podiplomski \u0161tudij na ALUO v Ljubljani. Od leta 2002 soustvarja, organizira in izvaja razli\u010dne projekte s podro\u010dja kulturno-umetnostne vzgoje: vzgojno-izobra\u017eevalni program Slon, Kino Vrti\u010dek in ENIMATION, Education in animation. Je sourednica in soavtorica knjige Animirani film v izobra\u017eevanju ter priro\u010dnika Animirajmo! . Kot likovna pedagoginja izvaja izobra\u017eevanja s podro\u010dja animiranega filma za otroke, mlade in u\u010ditelje. Kot mentorica za animirani film sodeluje pri projektih SKUM, FO\u0160 in Razumevanje filma, izobra\u017eevanja in delavnice pa je izvajala tudi na Tajvanu, v Walesu, Srbiji, Avstriji in na Hrva\u0161kem. Od leta 2005 je mentorirala ve\u010d kot 250 filmov otrok in mladih.<\/p>\n\n\t\t<\/div>\n\t<\/div>\n<\/div><\/div><\/div><\/div><div class=\"vc_empty_space\"   style=\"height: 32px\"><span class=\"vc_empty_space_inner\"><\/span><\/div><\/div><\/div><\/div><\/div>\n","protected":false},"excerpt":{"rendered":"Strokovno \u017eirijo za celove\u010derne filme sestavljajo: Primoz\u030c Bezjak dramski in filmski igralec Primo\u017e Bezjak (1977), igralec, gibalec\/plesalec, [...]","protected":false},"author":1,"featured_media":0,"parent":0,"menu_order":0,"comment_status":"closed","ping_status":"closed","template":"","meta":[],"yoast_head":"<!-- This site is optimized with the Yoast SEO plugin v17.1 - https:\/\/yoast.com\/wordpress\/plugins\/seo\/ -->\n<title>Strokovna \u017eirija - FSF<\/title>\n<meta name=\"robots\" content=\"index, follow, max-snippet:-1, max-image-preview:large, max-video-preview:-1\" \/>\n<link rel=\"canonical\" href=\"https:\/\/www.fsf.si\/2021\/strokovna-zirija\/\" \/>\n<meta property=\"og:locale\" content=\"sl_SI\" \/>\n<meta property=\"og:type\" content=\"article\" \/>\n<meta property=\"og:title\" content=\"Strokovna \u017eirija - FSF\" \/>\n<meta property=\"og:url\" content=\"https:\/\/www.fsf.si\/2021\/strokovna-zirija\/\" \/>\n<meta property=\"og:site_name\" content=\"FSF\" \/>\n<meta property=\"article:modified_time\" content=\"2021-10-04T16:06:54+00:00\" \/>\n<meta name=\"twitter:card\" content=\"summary_large_image\" \/>\n<meta name=\"twitter:label1\" content=\"Est. reading time\" \/>\n\t<meta name=\"twitter:data1\" content=\"3 minute\" \/>\n<script type=\"application\/ld+json\" class=\"yoast-schema-graph\">{\"@context\":\"https:\/\/schema.org\",\"@graph\":[{\"@type\":\"Organization\",\"@id\":\"https:\/\/www.fsf.si\/2021\/#organization\",\"name\":\"Festival Slovenskega Filma\",\"url\":\"https:\/\/www.fsf.si\/2021\/\",\"sameAs\":[],\"logo\":{\"@type\":\"ImageObject\",\"@id\":\"https:\/\/www.fsf.si\/2021\/#logo\",\"inLanguage\":\"sl-SI\",\"url\":\"https:\/\/www.fsf.si\/2021\/wp-content\/uploads\/2019\/06\/Slider-FSF.png\",\"contentUrl\":\"https:\/\/www.fsf.si\/2021\/wp-content\/uploads\/2019\/06\/Slider-FSF.png\",\"width\":4800,\"height\":1600,\"caption\":\"Festival Slovenskega Filma\"},\"image\":{\"@id\":\"https:\/\/www.fsf.si\/2021\/#logo\"}},{\"@type\":\"WebSite\",\"@id\":\"https:\/\/www.fsf.si\/2021\/#website\",\"url\":\"https:\/\/www.fsf.si\/2021\/\",\"name\":\"FSF\",\"description\":\"Festival Slovenskega Filma\",\"publisher\":{\"@id\":\"https:\/\/www.fsf.si\/2021\/#organization\"},\"potentialAction\":[{\"@type\":\"SearchAction\",\"target\":{\"@type\":\"EntryPoint\",\"urlTemplate\":\"https:\/\/www.fsf.si\/2021\/?s={search_term_string}\"},\"query-input\":\"required name=search_term_string\"}],\"inLanguage\":\"sl-SI\"},{\"@type\":\"WebPage\",\"@id\":\"https:\/\/www.fsf.si\/2021\/strokovna-zirija\/#webpage\",\"url\":\"https:\/\/www.fsf.si\/2021\/strokovna-zirija\/\",\"name\":\"Strokovna \\u017eirija - FSF\",\"isPartOf\":{\"@id\":\"https:\/\/www.fsf.si\/2021\/#website\"},\"datePublished\":\"2019-06-07T17:13:23+00:00\",\"dateModified\":\"2021-10-04T16:06:54+00:00\",\"breadcrumb\":{\"@id\":\"https:\/\/www.fsf.si\/2021\/strokovna-zirija\/#breadcrumb\"},\"inLanguage\":\"sl-SI\",\"potentialAction\":[{\"@type\":\"ReadAction\",\"target\":[\"https:\/\/www.fsf.si\/2021\/strokovna-zirija\/\"]}]},{\"@type\":\"BreadcrumbList\",\"@id\":\"https:\/\/www.fsf.si\/2021\/strokovna-zirija\/#breadcrumb\",\"itemListElement\":[{\"@type\":\"ListItem\",\"position\":1,\"name\":\"Home\",\"item\":\"https:\/\/www.fsf.si\/2021\/\"},{\"@type\":\"ListItem\",\"position\":2,\"name\":\"Strokovna \\u017eirija\"}]}]}<\/script>\n<!-- \/ Yoast SEO plugin. -->","yoast_head_json":{"title":"Strokovna \u017eirija - FSF","robots":{"index":"index","follow":"follow","max-snippet":"max-snippet:-1","max-image-preview":"max-image-preview:large","max-video-preview":"max-video-preview:-1"},"canonical":"https:\/\/www.fsf.si\/2021\/strokovna-zirija\/","og_locale":"sl_SI","og_type":"article","og_title":"Strokovna \u017eirija - FSF","og_url":"https:\/\/www.fsf.si\/2021\/strokovna-zirija\/","og_site_name":"FSF","article_modified_time":"2021-10-04T16:06:54+00:00","twitter_card":"summary_large_image","twitter_misc":{"Est. reading time":"3 minute"},"schema":{"@context":"https:\/\/schema.org","@graph":[{"@type":"Organization","@id":"https:\/\/www.fsf.si\/2021\/#organization","name":"Festival Slovenskega Filma","url":"https:\/\/www.fsf.si\/2021\/","sameAs":[],"logo":{"@type":"ImageObject","@id":"https:\/\/www.fsf.si\/2021\/#logo","inLanguage":"sl-SI","url":"https:\/\/www.fsf.si\/2021\/wp-content\/uploads\/2019\/06\/Slider-FSF.png","contentUrl":"https:\/\/www.fsf.si\/2021\/wp-content\/uploads\/2019\/06\/Slider-FSF.png","width":4800,"height":1600,"caption":"Festival Slovenskega Filma"},"image":{"@id":"https:\/\/www.fsf.si\/2021\/#logo"}},{"@type":"WebSite","@id":"https:\/\/www.fsf.si\/2021\/#website","url":"https:\/\/www.fsf.si\/2021\/","name":"FSF","description":"Festival Slovenskega Filma","publisher":{"@id":"https:\/\/www.fsf.si\/2021\/#organization"},"potentialAction":[{"@type":"SearchAction","target":{"@type":"EntryPoint","urlTemplate":"https:\/\/www.fsf.si\/2021\/?s={search_term_string}"},"query-input":"required name=search_term_string"}],"inLanguage":"sl-SI"},{"@type":"WebPage","@id":"https:\/\/www.fsf.si\/2021\/strokovna-zirija\/#webpage","url":"https:\/\/www.fsf.si\/2021\/strokovna-zirija\/","name":"Strokovna \u017eirija - FSF","isPartOf":{"@id":"https:\/\/www.fsf.si\/2021\/#website"},"datePublished":"2019-06-07T17:13:23+00:00","dateModified":"2021-10-04T16:06:54+00:00","breadcrumb":{"@id":"https:\/\/www.fsf.si\/2021\/strokovna-zirija\/#breadcrumb"},"inLanguage":"sl-SI","potentialAction":[{"@type":"ReadAction","target":["https:\/\/www.fsf.si\/2021\/strokovna-zirija\/"]}]},{"@type":"BreadcrumbList","@id":"https:\/\/www.fsf.si\/2021\/strokovna-zirija\/#breadcrumb","itemListElement":[{"@type":"ListItem","position":1,"name":"Home","item":"https:\/\/www.fsf.si\/2021\/"},{"@type":"ListItem","position":2,"name":"Strokovna \u017eirija"}]}]}},"_links":{"self":[{"href":"https:\/\/www.fsf.si\/2021\/wp-json\/wp\/v2\/pages\/4662"}],"collection":[{"href":"https:\/\/www.fsf.si\/2021\/wp-json\/wp\/v2\/pages"}],"about":[{"href":"https:\/\/www.fsf.si\/2021\/wp-json\/wp\/v2\/types\/page"}],"author":[{"embeddable":true,"href":"https:\/\/www.fsf.si\/2021\/wp-json\/wp\/v2\/users\/1"}],"replies":[{"embeddable":true,"href":"https:\/\/www.fsf.si\/2021\/wp-json\/wp\/v2\/comments?post=4662"}],"version-history":[{"count":57,"href":"https:\/\/www.fsf.si\/2021\/wp-json\/wp\/v2\/pages\/4662\/revisions"}],"predecessor-version":[{"id":17985,"href":"https:\/\/www.fsf.si\/2021\/wp-json\/wp\/v2\/pages\/4662\/revisions\/17985"}],"wp:attachment":[{"href":"https:\/\/www.fsf.si\/2021\/wp-json\/wp\/v2\/media?parent=4662"}],"curies":[{"name":"wp","href":"https:\/\/api.w.org\/{rel}","templated":true}]}}