{"id":4649,"date":"2019-06-07T16:59:52","date_gmt":"2019-06-07T16:59:52","guid":{"rendered":"http:\/\/www.fsf.si\/2019\/?page_id=4649"},"modified":"2021-10-14T19:21:42","modified_gmt":"2021-10-14T17:21:42","slug":"vstopnice","status":"publish","type":"page","link":"https:\/\/www.fsf.si\/2021\/vstopnice\/","title":{"rendered":"Vstopnice"},"content":{"rendered":"<div class=\"vc_row wpb_row vc_row-fluid vc_custom_1633257891588\" ><div class=\"wpb_column vc_column_container vc_col-sm-12\"><div class=\"vc_column-inner\"><div class=\"wpb_wrapper\">\n\t<div class=\"wpb_text_column wpb_content_element \" >\n\t\t<div class=\"wpb_wrapper\">\n\t\t\t<h2 style=\"text-align: left;\"><span style=\"color: #d7b04a;\">OSREDNJI PRIZORI\u0160\u010cI<\/span><\/h2>\n\n\t\t<\/div>\n\t<\/div>\n<\/div><\/div><\/div><\/div><div class=\"vc_row wpb_row vc_row-fluid\" ><div class=\"wpb_column vc_column_container vc_col-sm-6\"><div class=\"vc_column-inner\"><div class=\"wpb_wrapper\">\n\t<div class=\"wpb_text_column wpb_content_element \" >\n\t\t<div class=\"wpb_wrapper\">\n\t\t\t<h4>AVDITORIJ PORTORO\u017d \u2013 PORTOROSE<\/h4>\n<h5><a href=\"https:\/\/www.google.com\/maps\/place\/Avditorij+Portoro%C5%BE+%E2%80%93+Portorose\/@45.5146013,13.5936091,17z\/data=!4m12!1m6!3m5!1s0x477b652607a8b4d9:0x5c39fe7fafd30d98!2sAvditorij+Portoro%C5%BE+%E2%80%93+Portorose!8m2!3d45.5146013!4d13.5957978!3m4!1s0x477b652607a8b4d9:0x5c39fe7fafd30d98!8m2!3d45.5146013!4d13.5957978\">Sen\u010dna pot 8 A, Portoro\u017e<\/a><\/h5>\n\n\t\t<\/div>\n\t<\/div>\n<\/div><\/div><\/div><div class=\"wpb_column vc_column_container vc_col-sm-6\"><div class=\"vc_column-inner\"><div class=\"wpb_wrapper\">\n\t<div class=\"wpb_text_column wpb_content_element \" >\n\t\t<div class=\"wpb_wrapper\">\n\t\t\t<h4>RAZSTAVI\u0160\u010cE MONFORT<\/h4>\n<h5><a href=\"https:\/\/www.google.com\/maps\/place\/Obala+8,+6320+Portoro%C5%BE+-+Portorose\/@45.5143552,13.5790522,17z\/data=!3m1!4b1!4m5!3m4!1s0x477b7ad51e656b39:0x4102da05eb612fc1!8m2!3d45.5143552!4d13.5812409\">Obala 8, Portoro\u017e\u00a0<\/a><\/h5>\n\n\t\t<\/div>\n\t<\/div>\n<\/div><\/div><\/div><\/div><div class=\"vc_row wpb_row vc_row-fluid vc_custom_1633589321339\" ><div class=\"wpb_column vc_column_container vc_col-sm-12\"><div class=\"vc_column-inner vc_custom_1633589338527\"><div class=\"wpb_wrapper\"><div class=\"vc_empty_space\"   style=\"height: 32px\"><span class=\"vc_empty_space_inner\"><\/span><\/div><div class=\"vc_message_box vc_message_box-standard vc_message_box-rounded vc_color-success\" ><div class=\"vc_message_box-icon\"><i class=\"fas fa-info-circle\"><\/i><\/div><p><b>Vstopnice so \u017ee v prodaji. Spletna prodaja vstopnic:\u00a0<a href=\"https:\/\/avditorij.kupikarto.si\/\" target=\"_blank\" rel=\"noopener\" data-saferedirecturl=\"https:\/\/www.google.com\/url?q=https:\/\/avditorij.kupikarto.si\/&amp;source=gmail&amp;ust=1633675552292000&amp;usg=AFQjCNH1B8Mwx8ABoLFeAJHP4YCSj7V-Og\">https:\/\/avditorij.<wbr \/>kupikarto.si\/<\/a><\/b><\/p>\n<\/div>\n\t<div class=\"wpb_text_column wpb_content_element \" >\n\t\t<div class=\"wpb_wrapper\">\n\t\t\t<p>Dvorana Avditorija in razstavi\u0161\u010da Monfort se odpre uro pred prvo projekcijo in zapre po za\u010detku zadnje.\u00a0Blagajna v Gledali\u0161\u010du Tartini Piran pa eno uro pred dogodkom.<\/p>\n<p><strong>Vstopnice za festivalska dru\u017eenja<\/strong><\/p>\n<p>Omejeno \u0161tevilo brezpla\u010dnih vstopnic za festivalska dru\u017eenja v Monfortu je na voljo na info to\u010dki festivala v avli Avditorija Portoro\u017e in v Monfortu (v \u010dasu filmskih projekcij). Posameznik lahko isto\u010dasno dvigne najve\u010d 4 vstopnice.<\/p>\n\n\t\t<\/div>\n\t<\/div>\n<\/div><\/div><\/div><\/div><div class=\"vc_row wpb_row vc_row-fluid\" ><div class=\"wpb_column vc_column_container vc_col-sm-12\"><div class=\"vc_column-inner\"><div class=\"wpb_wrapper\">\n\t<div class=\"wpb_text_column wpb_content_element \" >\n\t\t<div class=\"wpb_wrapper\">\n\t\t\t<p><b>Cena vstopnic:<\/b><\/p>\n<table id=\"vstopnice\" width=\"100%\" cellspacing=\"0\">\n<tbody>\n<tr>\n<td>REDNA VSTOPNICA<\/td>\n<td>5,00 EUR *<\/td>\n<\/tr>\n<tr>\n<td>OTROCI DO 14. LETA, DIJAKI, \u0160TUDENTJE, UPOKOJENCI,<br \/>\nBREZPOSELNI IN HENDIKEPIRANI NA INVALIDSKIH VOZI\u010cKIH<\/td>\n<td>4,00 EUR **<\/td>\n<\/tr>\n<tr>\n<td>PREBIVALCI OB\u010cINE PIRAN &#8211; FILMSKI EVRO<\/td>\n<td>1,00 EUR***<\/td>\n<\/tr>\n<\/tbody>\n<\/table>\n<p>&nbsp;<\/p>\n<div>\n<div id=\"z1\">*\u00a0\u00a0Velja za vse projekcije.<\/div>\n<div id=\"z2\">** Upokojenci uveljavljajo popust s kartico upokojenca ZPIZa , otroci z zdravstveno izkaznico, \u0161tudenti in dijaki s \u0161tudentsko oziroma dija\u0161ko izkaznico z nalepko za teko\u010de \u0161olsko leto ali indeksom. Brezposelni uveljavljajo popust z veljavnim potrdilom oz. odlo\u010dbo Zavoda RS za zaposlovanje, ki izkazuje status brezposelne osebe, in osebnim dokumentom. Spremljevalci hendikepiranih oseb imajo prost vstop.<\/div>\n<div id=\"z3\">***\u00a0\u00a0Prevzem brezpla\u010dnih vstopnic za vse projekcije je mo\u017een pri blagajni Avditorija s predlo\u017eitvijo osebnega dokumenta.<\/div>\n<\/div>\n<p>&nbsp;<\/p>\n<table id=\"vstopnice\" width=\"100%\" cellspacing=\"0\">\n<tbody>\n<tr>\n<td>3 + 1<\/td>\n<td>Z NAKUPOM TREH VSTOPNIC DOBI\u0160 \u010cETRTO ZASTONJ****<\/td>\n<\/tr>\n<\/tbody>\n<\/table>\n<div id=\"z1\">****\u00a0\u00a0Nakup vstopnic \u010cetrta zastonj je mo\u017een samo na blagajni Avditorija Portoro\u017e<\/div>\n<hr \/>\n<p>&nbsp;<\/p>\n<h2>Filmski evro<\/h2>\n<p>Z leto\u0161njo edicijo festival uvaja <strong>filmski evro za \u0161tudente filma<\/strong>, s katerim \u017eelimo \u0161tudentom filmskih smeri na ljubljanski AGRFT in Akademiji umetnosti Univerze v Novi Gorici omogo\u010diti bivanje na festivalu. Da bi bili lahko na festivalu prisotni vse festivalske dni, smo uvedli simboli\u010dni prispevek 1 evra ob vsaki kupljeni ali prevzeti vstopnici. Filmski evro bo \u017ee v\u0161tet v ceno vstopnice, ki bo zato tudi nekoliko vi\u0161ja kot pretekla leta, hkrati pa bo ta prispevek potrebno pla\u010dati tudi ob prevzemu vstopnic, ki so bile doslej brezpla\u010dne. Poravnali ga bodo tako akreditirani gostje in \u0161tudentje kot tudi ob\u010dani ob\u010dine Piran ter povabljenci na otvoritveno in zaklju\u010dno slovesnost. Pla\u010dila bodo opro\u0161\u010deni le akreditirani novinarji, ki so na festivalskih projekcijah prisotni po slu\u017ebeni dol\u017enosti.<\/p>\n\n\t\t<\/div>\n\t<\/div>\n<\/div><\/div><\/div><\/div><div class=\"vc_row wpb_row vc_row-fluid vc_custom_1633589245311\" ><div class=\"wpb_column vc_column_container vc_col-sm-12\"><div class=\"vc_column-inner\"><div class=\"wpb_wrapper\"><div class=\"vc_empty_space\"   style=\"height: 32px\"><span class=\"vc_empty_space_inner\"><\/span><\/div><div class=\"vc_message_box vc_message_box-standard vc_message_box-rounded vc_color-success\" ><div class=\"vc_message_box-icon\"><i class=\"fas fa-info-circle\"><\/i><\/div><p><b>Vstopnice so \u017ee v prodaji. Spletna prodaja vstopnic:\u00a0<a href=\"https:\/\/avditorij.kupikarto.si\/\" target=\"_blank\" rel=\"noopener\" data-saferedirecturl=\"https:\/\/www.google.com\/url?q=https:\/\/avditorij.kupikarto.si\/&amp;source=gmail&amp;ust=1633675552292000&amp;usg=AFQjCNH1B8Mwx8ABoLFeAJHP4YCSj7V-Og\">https:\/\/avditorij.<wbr \/>kupikarto.si\/<\/a><\/b><\/p>\n<\/div><\/div><\/div><\/div><\/div><div class=\"vc_row wpb_row vc_row-fluid vc_custom_1633257891588\" ><div class=\"wpb_column vc_column_container vc_col-sm-12\"><div class=\"vc_column-inner\"><div class=\"wpb_wrapper\">\n\t<div class=\"wpb_text_column wpb_content_element \" >\n\t\t<div class=\"wpb_wrapper\">\n\t\t\t<h2 style=\"text-align: left;\"><span style=\"color: #d7b04a;\">DODATNO FESTIVALSKO PRIZORI\u0160\u010cE <\/span><\/h2>\n\n\t\t<\/div>\n\t<\/div>\n<\/div><\/div><\/div><\/div><div class=\"vc_row wpb_row vc_row-fluid\" ><div class=\"wpb_column vc_column_container vc_col-sm-12\"><div class=\"vc_column-inner\"><div class=\"wpb_wrapper\">\n\t<div class=\"wpb_text_column wpb_content_element \" >\n\t\t<div class=\"wpb_wrapper\">\n\t\t\t<p><b>Gledali\u0161\u010de Tartini Piran, <\/b>Kidri\u010devo nabre\u017eje 6, Piran<br \/>\nProjekcije so brezpla\u010dne.<\/p>\n\n\t\t<\/div>\n\t<\/div>\n<\/div><\/div><\/div><\/div>\n","protected":false},"excerpt":{"rendered":"OSREDNJI PRIZORI\u0160\u010cI AVDITORIJ PORTORO\u017d \u2013 PORTOROSE Sen\u010dna pot 8 A, Portoro\u017e RAZSTAVI\u0160\u010cE MONFORT Obala 8, Portoro\u017e\u00a0 Vstopnice [...]","protected":false},"author":1,"featured_media":0,"parent":0,"menu_order":0,"comment_status":"closed","ping_status":"closed","template":"","meta":[],"yoast_head":"<!-- This site is optimized with the Yoast SEO plugin v17.1 - https:\/\/yoast.com\/wordpress\/plugins\/seo\/ -->\n<title>Vstopnice - FSF<\/title>\n<meta name=\"robots\" content=\"index, follow, max-snippet:-1, max-image-preview:large, max-video-preview:-1\" \/>\n<link rel=\"canonical\" href=\"https:\/\/www.fsf.si\/2021\/vstopnice\/\" \/>\n<meta property=\"og:locale\" content=\"sl_SI\" \/>\n<meta property=\"og:type\" content=\"article\" \/>\n<meta property=\"og:title\" content=\"Vstopnice - FSF\" \/>\n<meta property=\"og:url\" content=\"https:\/\/www.fsf.si\/2021\/vstopnice\/\" \/>\n<meta property=\"og:site_name\" content=\"FSF\" \/>\n<meta property=\"article:modified_time\" content=\"2021-10-14T17:21:42+00:00\" \/>\n<meta name=\"twitter:card\" content=\"summary_large_image\" \/>\n<meta name=\"twitter:label1\" content=\"Est. reading time\" \/>\n\t<meta name=\"twitter:data1\" content=\"2 minuti\" \/>\n<script type=\"application\/ld+json\" class=\"yoast-schema-graph\">{\"@context\":\"https:\/\/schema.org\",\"@graph\":[{\"@type\":\"Organization\",\"@id\":\"https:\/\/www.fsf.si\/2021\/#organization\",\"name\":\"Festival Slovenskega Filma\",\"url\":\"https:\/\/www.fsf.si\/2021\/\",\"sameAs\":[],\"logo\":{\"@type\":\"ImageObject\",\"@id\":\"https:\/\/www.fsf.si\/2021\/#logo\",\"inLanguage\":\"sl-SI\",\"url\":\"https:\/\/www.fsf.si\/2021\/wp-content\/uploads\/2019\/06\/Slider-FSF.png\",\"contentUrl\":\"https:\/\/www.fsf.si\/2021\/wp-content\/uploads\/2019\/06\/Slider-FSF.png\",\"width\":4800,\"height\":1600,\"caption\":\"Festival Slovenskega Filma\"},\"image\":{\"@id\":\"https:\/\/www.fsf.si\/2021\/#logo\"}},{\"@type\":\"WebSite\",\"@id\":\"https:\/\/www.fsf.si\/2021\/#website\",\"url\":\"https:\/\/www.fsf.si\/2021\/\",\"name\":\"FSF\",\"description\":\"Festival Slovenskega Filma\",\"publisher\":{\"@id\":\"https:\/\/www.fsf.si\/2021\/#organization\"},\"potentialAction\":[{\"@type\":\"SearchAction\",\"target\":{\"@type\":\"EntryPoint\",\"urlTemplate\":\"https:\/\/www.fsf.si\/2021\/?s={search_term_string}\"},\"query-input\":\"required name=search_term_string\"}],\"inLanguage\":\"sl-SI\"},{\"@type\":\"WebPage\",\"@id\":\"https:\/\/www.fsf.si\/2021\/vstopnice\/#webpage\",\"url\":\"https:\/\/www.fsf.si\/2021\/vstopnice\/\",\"name\":\"Vstopnice - FSF\",\"isPartOf\":{\"@id\":\"https:\/\/www.fsf.si\/2021\/#website\"},\"datePublished\":\"2019-06-07T16:59:52+00:00\",\"dateModified\":\"2021-10-14T17:21:42+00:00\",\"breadcrumb\":{\"@id\":\"https:\/\/www.fsf.si\/2021\/vstopnice\/#breadcrumb\"},\"inLanguage\":\"sl-SI\",\"potentialAction\":[{\"@type\":\"ReadAction\",\"target\":[\"https:\/\/www.fsf.si\/2021\/vstopnice\/\"]}]},{\"@type\":\"BreadcrumbList\",\"@id\":\"https:\/\/www.fsf.si\/2021\/vstopnice\/#breadcrumb\",\"itemListElement\":[{\"@type\":\"ListItem\",\"position\":1,\"name\":\"Home\",\"item\":\"https:\/\/www.fsf.si\/2021\/\"},{\"@type\":\"ListItem\",\"position\":2,\"name\":\"Vstopnice\"}]}]}<\/script>\n<!-- \/ Yoast SEO plugin. -->","yoast_head_json":{"title":"Vstopnice - FSF","robots":{"index":"index","follow":"follow","max-snippet":"max-snippet:-1","max-image-preview":"max-image-preview:large","max-video-preview":"max-video-preview:-1"},"canonical":"https:\/\/www.fsf.si\/2021\/vstopnice\/","og_locale":"sl_SI","og_type":"article","og_title":"Vstopnice - FSF","og_url":"https:\/\/www.fsf.si\/2021\/vstopnice\/","og_site_name":"FSF","article_modified_time":"2021-10-14T17:21:42+00:00","twitter_card":"summary_large_image","twitter_misc":{"Est. reading time":"2 minuti"},"schema":{"@context":"https:\/\/schema.org","@graph":[{"@type":"Organization","@id":"https:\/\/www.fsf.si\/2021\/#organization","name":"Festival Slovenskega Filma","url":"https:\/\/www.fsf.si\/2021\/","sameAs":[],"logo":{"@type":"ImageObject","@id":"https:\/\/www.fsf.si\/2021\/#logo","inLanguage":"sl-SI","url":"https:\/\/www.fsf.si\/2021\/wp-content\/uploads\/2019\/06\/Slider-FSF.png","contentUrl":"https:\/\/www.fsf.si\/2021\/wp-content\/uploads\/2019\/06\/Slider-FSF.png","width":4800,"height":1600,"caption":"Festival Slovenskega Filma"},"image":{"@id":"https:\/\/www.fsf.si\/2021\/#logo"}},{"@type":"WebSite","@id":"https:\/\/www.fsf.si\/2021\/#website","url":"https:\/\/www.fsf.si\/2021\/","name":"FSF","description":"Festival Slovenskega Filma","publisher":{"@id":"https:\/\/www.fsf.si\/2021\/#organization"},"potentialAction":[{"@type":"SearchAction","target":{"@type":"EntryPoint","urlTemplate":"https:\/\/www.fsf.si\/2021\/?s={search_term_string}"},"query-input":"required name=search_term_string"}],"inLanguage":"sl-SI"},{"@type":"WebPage","@id":"https:\/\/www.fsf.si\/2021\/vstopnice\/#webpage","url":"https:\/\/www.fsf.si\/2021\/vstopnice\/","name":"Vstopnice - FSF","isPartOf":{"@id":"https:\/\/www.fsf.si\/2021\/#website"},"datePublished":"2019-06-07T16:59:52+00:00","dateModified":"2021-10-14T17:21:42+00:00","breadcrumb":{"@id":"https:\/\/www.fsf.si\/2021\/vstopnice\/#breadcrumb"},"inLanguage":"sl-SI","potentialAction":[{"@type":"ReadAction","target":["https:\/\/www.fsf.si\/2021\/vstopnice\/"]}]},{"@type":"BreadcrumbList","@id":"https:\/\/www.fsf.si\/2021\/vstopnice\/#breadcrumb","itemListElement":[{"@type":"ListItem","position":1,"name":"Home","item":"https:\/\/www.fsf.si\/2021\/"},{"@type":"ListItem","position":2,"name":"Vstopnice"}]}]}},"_links":{"self":[{"href":"https:\/\/www.fsf.si\/2021\/wp-json\/wp\/v2\/pages\/4649"}],"collection":[{"href":"https:\/\/www.fsf.si\/2021\/wp-json\/wp\/v2\/pages"}],"about":[{"href":"https:\/\/www.fsf.si\/2021\/wp-json\/wp\/v2\/types\/page"}],"author":[{"embeddable":true,"href":"https:\/\/www.fsf.si\/2021\/wp-json\/wp\/v2\/users\/1"}],"replies":[{"embeddable":true,"href":"https:\/\/www.fsf.si\/2021\/wp-json\/wp\/v2\/comments?post=4649"}],"version-history":[{"count":36,"href":"https:\/\/www.fsf.si\/2021\/wp-json\/wp\/v2\/pages\/4649\/revisions"}],"predecessor-version":[{"id":18756,"href":"https:\/\/www.fsf.si\/2021\/wp-json\/wp\/v2\/pages\/4649\/revisions\/18756"}],"wp:attachment":[{"href":"https:\/\/www.fsf.si\/2021\/wp-json\/wp\/v2\/media?parent=4649"}],"curies":[{"name":"wp","href":"https:\/\/api.w.org\/{rel}","templated":true}]}}