{"id":4645,"date":"2019-06-07T16:56:28","date_gmt":"2019-06-07T16:56:28","guid":{"rendered":"http:\/\/www.fsf.si\/2019\/?page_id=4645"},"modified":"2021-10-19T12:23:58","modified_gmt":"2021-10-19T10:23:58","slug":"nagrade","status":"publish","type":"page","link":"https:\/\/www.fsf.si\/2021\/nagrade\/","title":{"rendered":"Nagrade"},"content":{"rendered":"<div class=\"vc_row wpb_row vc_row-fluid wpb_animate_when_almost_visible wpb_lightSpeedIn lightSpeedIn vc_custom_1633336772343 vc_row-has-fill edgtf-content-aligment-left\" ><div class=\"wpb_column vc_column_container vc_col-sm-12 vc_col-has-fill\"><div class=\"vc_column-inner vc_custom_1559733019901\"><div class=\"wpb_wrapper\">\n\t<div class=\"wpb_text_column wpb_content_element \" >\n\t\t<div class=\"wpb_wrapper\">\n\t\t\t<p><strong>Vesna za najbolj\u0161i celove\u010derni film<\/strong><\/p>\n<p><strong><em>Prasica, slab\u0161alni izraz za \u017eensko<\/em><\/strong><\/p>\n<p>Re\u017eija: Tijana Zinaji\u0107<\/p>\n<p>Produkcija: December<\/p>\n<p>Utemeljitev: Film, ki nas je nabolj presenetil in o\u010daral. Film, ki poka od energije, \u017eivljenja in naklonjenosti do svojih likov. Ne igra na karto v evropskem art filmu trendovskega minimalizma, ampak izrablja vse, kar se mu ponuja \u2013 od plazu besed do ti\u0161ine, od plesa do posedanja v mali kuhinji in drogera\u0161kih tripov. In v vsem je dober. To je film sijajno zre\u017eiranega igralskega ansambla, dinamike in neke \u010disto nove, sve\u017ee filmske energije.<\/p>\n<p><strong>\u00a0<\/strong><\/p>\n<p><strong>Vesna za najbolj\u0161o re\u017eijo<\/strong><\/p>\n<p><strong>Darko Sinko <\/strong><\/p>\n<p>za film<strong><em> Inventura<\/em><\/strong><\/p>\n<p>Utemeljitev: Film je na prvi pogled videti nevsiljiv in zadr\u017ean, a je vsaka njegova minuta domi\u0161ljeno zre\u017eirana. Re\u017eiser z natan\u010dnostjo kreira ritem in tok pripovedi. V svoji slogovni enovitosti in zadr\u017eanosti <em>Inventura<\/em> odseva negotovost, frustracije in strah, ki ga ob\u010dutimo, medtem ko nam \u017eivljenje polzi v obstranskost.<\/p>\n<p>&nbsp;<\/p>\n<p><strong>Vesna za najbolj\u0161i scenarij<\/strong><\/p>\n<p><strong>Iza Strehar <\/strong><\/p>\n<p>za film<strong> <em>Prasica, slab\u0161alni izraz za \u017eensko<\/em><\/strong><\/p>\n<p>Utemeljitev: Scenarij je anarhi\u010den in analiti\u010den. Ironi\u010den in samokriti\u010den. Psova\u0161ki in umetni\u0161ko ambiciozen. Feministi\u010den in falusoiden. Iskren in prevarantski. Trezen in pijan. Drogiran in \u010dist. Abstinen\u010den in \u00bbjeba\u010dki\u00ab. Kot \u017eivljenje.<\/p>\n<p>&nbsp;<\/p>\n<p><strong>Vesna za najbolj\u0161o glavno \u017eensko vlogo<\/strong><\/p>\n<p><strong>Liza Marijina <\/strong>za vlogo Eve<\/p>\n<p>v filmu<strong> <em>Prasica, slab\u0161alni izraz za \u017eensko<\/em><\/strong><\/p>\n<p>Utemeljitev: Liza Marijina je \u0161e enkrat dokazala, kako mo\u010dno in natan\u010dno ob\u010duti jezo generacije, ki na videz no\u010de odrasti, \u010deprav ji je vse kristalno jasno. V liku Eve s svojo neizprosno neposrednostjo in jebivetrstvom \u00bbubija\u00ab in \u00bbkolje\u00ab vse okrog sebe, obenem pa v njej za\u010dutimo strah, negotovost in globoko hrepenenje.<\/p>\n<p>&nbsp;<\/p>\n<p><strong>Vesna za najbolj\u0161o glavno mo\u0161ko vlogo<\/strong><\/p>\n<p><strong>Rado\u0161 Bol\u010dina <\/strong>za vlogo Borisa<\/p>\n<p>v filmu<strong> <em>Inventura<\/em><\/strong><\/p>\n<p>Utemeljitev: Rado\u0161 Bol\u010dina se v vlogi Borisa suvereno, z vso svojo igralsko \u0161irino in izku\u0161njami giblje po tanki \u010drti med coenovskim absurdom nevidnega \u010dloveka, realizmom in inteligentnim humorjem.<\/p>\n<p>&nbsp;<\/p>\n<p><strong>Vesna za najbolj\u0161o stransko \u017eensko vlogo<\/strong><\/p>\n<p><strong>Anu\u0161a Kodelja <\/strong>za vlogo Nine<\/p>\n<p>v filmu<strong> <em>Prasica, slab\u0161alni izraz za \u017eensko<\/em><\/strong><\/p>\n<p>Utemeljitev: Anu\u0161a Kodelja nas v vlogi Nine popolnoma o\u010dara s svojo sve\u017eino, razigrano drznostjo in izjemnim ob\u010dutkom za humor. Postane na\u0161a \u00bbbesti\u010dka\u00ab, sorodna du\u0161a, s katero bi od\u0161li na konec sveta \u2013 ali pa vsaj do Berlina.<\/p>\n<p>&nbsp;<\/p>\n<p><strong>Vesna za najbolj\u0161o stransko mo\u0161ko vlogo<\/strong><\/p>\n<p><strong>Dejan Spasi\u0107 <\/strong>za vlogo Andreja<\/p>\n<p>v filmu<strong> <em>Inventura<\/em><\/strong><\/p>\n<p>Utemeljitev: Lik policijskega in\u0161pektorja je bil na filmu viden \u017ee tolikokrat, da ga je te\u017eko odigrati na izviren na\u010din. Dejanu Spasi\u0107u je v filmu <em>Inventura<\/em> uspelo prav to. In\u0161pektor Andrej je zadol\u017een za primer, ki se ne bo nikoli razre\u0161il, a je obenem razumen in topel \u010dlovek, ki je tu prav zato, da razre\u0161i primer.<\/p>\n<p>&nbsp;<\/p>\n<p><strong>Vesna za najbolj\u0161o fotografijo <\/strong><\/p>\n<p><strong>Mitja Li\u010den<\/strong><\/p>\n<p>za film<strong> <em>Telesce<\/em><\/strong><\/p>\n<p>Utemeljitev: Mitja Li\u010den je bil v koprodukcijskem filmu <em>Telesce<\/em> pred velikim izzivom: zgodba se dogaja pred ve\u010d kot sto leti. To dramati\u010dno in \u010dustveno pripoved, kjer se glavni junaki borijo za pre\u017eivetje in se simbolno prebijajo skozi peklenske situacije, je direktor fotografije posnel tako, da se gledalec po\u010duti del tega minulega sveta, njegovih grozovitosti in odre\u0161itev.<\/p>\n<p>&nbsp;<\/p>\n<p><strong>Vesna za najbolj\u0161o izvirno glasbo<\/strong><\/p>\n<p><strong>Matija Kre\u010di\u010d <\/strong><\/p>\n<p>za film<strong> <em>Inventura<\/em><\/strong><\/p>\n<p>Utemeljitev: Za pogumno rabo mo\u010dnih glasbenih poudarkov in odmik od glasbe, ki se staplja z oblikovanjem zvoka. Glasba tu, namesto tega, prevzame vlogo \u0161e enega filmskega lika.<\/p>\n<p>&nbsp;<\/p>\n<p><strong>Vesna za najbolj\u0161o monta\u017eo<\/strong><\/p>\n<p><strong>Uro\u0161 Maksimovi\u0107 <\/strong>(monta\u017eer),<strong> Mariana Koz\u00e1kov\u00e1 <\/strong>(somonta\u017eerka)<\/p>\n<p>za film<strong> <em>Odpu\u0161\u010danje<\/em><\/strong><\/p>\n<p>Utemeljitev: Dru\u017einska tragedija, tradicionalna albanska vas sredi gorskih brezpotij. Nova gospoda in uprava, sve\u010deniki in odvetniki, proces snemanja, ki je trajal \u0161est let. Vse to je monta\u017ea uspela oblikovati v vizualno in dramatur\u0161ko celoto. Glavni lik filma, dekle, ubito v dru\u017einskem sporu, ostaja prisoten v svoji bole\u010dini, molku in pogledu njene matere. Mo\u0161ki liki \u2013 sosedje, sorodniki, uradniki in sve\u010deniki \u2013 so okupirani z ma\u010do temami: kdo je pomembnej\u0161i in kdo si je nagrabil ve\u010d denarja. Sistem se je spremnil, a patriarhat je ostal.<\/p>\n<p>&nbsp;<\/p>\n<p><strong>Vesna za najbolj\u0161o scenografijo<\/strong><\/p>\n<p><strong>Ne\u017ea Zinaji\u0107<\/strong><\/p>\n<p>za film<strong> <em>Prasica, slab\u0161alni izraz za \u017eensko<\/em><\/strong><\/p>\n<p>Utemeljitev: Nagrado za najbolj\u0161o scenografijo prejme Ne\u017ea Zinaji\u0107 za film <em>Prasica, slab\u0161alni izraz za \u017eensko<\/em>. \u0160tevilne lokacije, med njimi mnoge in vsem dobro znane ljubljanske vedute, \u0161tudentska stanovanja, galerijski in zabavi\u0161\u010dni prostori, strani\u0161\u010da in ordinacije, vse se odli\u010dno vklaplja v eklekti\u010dni slog filma in vse deluje avtenti\u010dno ter podpira like in re\u017eijo.<\/p>\n<p>&nbsp;<\/p>\n<p><strong>Vesna za najbolj\u0161o kostumografijo<\/strong><\/p>\n<p><strong>Matic Hrovat<\/strong><\/p>\n<p>za film<strong> <em>Prasica, slab\u0161alni izraz za \u017eensko<\/em><\/strong><\/p>\n<p>Utemeljitev: Nagrado za najbolj\u0161o kostumografijo prejme Matic Hrovat za film <em>Prasica, slab\u0161alni izraz za \u017eensko.<\/em> Za uli\u010dno modo, prene\u0161eno v filmsko kostumografijo, ki odli\u010dno ori\u0161e like, zataknjene med otro\u0161tvom in odraslostjo.<\/p>\n<p>&nbsp;<\/p>\n<p><strong>Vesna za najbolj\u0161o masko<\/strong><\/p>\n<p><strong>Martina \u0160ubic Dodo\u010di\u0107<\/strong><\/p>\n<p>za film<strong> <em>Oaza<\/em><\/strong><\/p>\n<p>Utemeljitev: Maska Martine \u0160ubic Dodo\u010di\u0107 v filmu <em>Oaza<\/em> Ivana Iki\u0107a je izjemen prispevek k realnosti in specifi\u010dnosti ambienta filma, pri \u010demer nikoli ne eksploatira svojih pritagonistov.<\/p>\n<p>&nbsp;<\/p>\n<p><strong>Vesna za najbolj\u0161i zvok<\/strong><\/p>\n<p><strong>Julij Zornik<\/strong><\/p>\n<p>za film<strong> <em>Morena<\/em><\/strong><\/p>\n<p>Utemeljitev: V leto\u0161nji festivalski selekciji ime Julija Zornika, oblikovalca zvoka ve\u010dine tekmovalnih filmov, mo\u010dno izstopa. Lahko bi rekli, da je Julij Zornik razred zase, pa vendar smo se morali odlo\u010diti za en film, pri katerem je sodeloval kot oblikovalec zvoka. Zaradi sijajno oblikovane zvo\u010dne atmosfere prostora pod in nad morsko gladino, ki je zelo druga\u010dna od tiste najpogosteje uporabljene v mediteranskih filmih, nagrado podeljujemo filmu <em>Morena<\/em> v re\u017eiji Antoanete Alamat Kusijanovi\u0107.<\/p>\n<p>&nbsp;<\/p>\n<p><strong>Vesna za najbolj\u0161o manj\u0161insko koprodukcijo<\/strong><\/p>\n<p><strong><em>Telesce <\/em><\/strong><\/p>\n<p>Re\u017eija: Laura Samani,<\/p>\n<p>Slovenski koproducent: Vertigo<\/p>\n<p>Utemeljitev: V tem sklopu smo videli nekaj izjemnih umetni\u0161kih filmov, ki so \u017ee ob\u0161li festivale po svetu in zagotovo sodijo v vrh evropske kinematografije, zato odlo\u010ditev o tem, kateremu od njih dodeliti nagrado, ni bila lahka. Odlo\u010ditev nam je nekoliko olaj\u0161alo pravilo, da lahko slovenski avtorji dobijo vesno tako za ve\u010dinske kot za manj\u0161inske koprodukcije, s \u010dimer smo \u017eeleli poudariti njihovo kakovost. Nagrado za najbolj\u0161o manj\u0161insko koprodukcijo prejme prvenec italijanske re\u017eiserke Laure Samani <em>Telesce<\/em>. To je film izjemne vizualne mo\u010di in telesnosti, ki se s platna preliva v gledalca. Postavi nas v izku\u0161njo pode\u017eelskega \u017eivljenja z za\u010detka 20. stoletja, ne da bi pri tem zapadel v ki\u010d ali romantizacijo \u017eivljenja na\u0161ih babic in prababic. Preseneti nas s subtilnimi scenaristi\u010dnimi obrati ter z uporabo slovenskih in italijanskih nare\u010dij. Obenem je ne\u017een in krut. Vsekakor je to \u010dudovit film, za katerega upamo, da bo skupaj z drugimi izjemnimi manj\u0161inskimi koprodukcijami na\u0161el pot v slovenske kinematografe.<\/p>\n<p>&nbsp;<\/p>\n<p><strong>Vesna za najbolj\u0161i dokumentarni film<\/strong><\/p>\n<p><strong><em>Odpu\u0161\u010danje <\/em><\/strong><\/p>\n<p>Re\u017eija: Marija Zidar<\/p>\n<p>Produkcija: Vertigo<\/p>\n<p>Utemeljitev: Avtorica Marija Zidar skozi zapleten konflikt med sorodniki izri\u0161e kompleksno podobo patriarhalne dru\u017ebe. Z natan\u010dno in zadr\u017eano opazovalno tehniko nas popelje v samo jedro dveh sprtih dru\u017ein in tako ustvari ve\u010dplasten in presunljiv dokumentarni film.<\/p>\n<p>&nbsp;<\/p>\n<p><strong>Vesna za najbolj\u0161i kratki igrani film<\/strong><\/p>\n<p><strong><em>Sestre<\/em><\/strong><\/p>\n<p>Re\u017eija: Kukla<\/p>\n<p>Produkcija: A Atalanta<\/p>\n<p>Utemeljitev: V kratkem igranem filmu <em>Sestre<\/em>, re\u017eiserka ponuja gledalcu kriti\u010den razmislek o vlogi spola in z njo povezanim nasiljem v dru\u017ebi. S pomo\u010djo intenzivnega ritma, nasi\u010denega prepleta vizualnih podob, zvoka in glasbe nas film silovito vodi od prvega do zadnjega kadra.<\/p>\n<p><strong>\u00a0<\/strong><\/p>\n<p><strong>Vesna za najbolj\u0161i animirani film <\/strong><\/p>\n<p><strong><em>Steakhouse<\/em><\/strong><\/p>\n<p>Re\u017eija: \u0160pela \u010cade\u017e<\/p>\n<p>Produkcija: Finta<\/p>\n<p>Utemeljitev: Kratki animirani film <em>Steakhouse<\/em> avtorice \u0160pele \u010cade\u017e na poeti\u010den na\u010din in z dolo\u010deno mero \u010drnega humorja prikazuje surovost partnerskega odnosa ter s pomo\u010djo vsebinsko in tehni\u010dno brezhibnega izdelka gledalca zapelje v zgodbo. V mehkobi vizualne podobe nas preseneti razplet, ki ga gledalec ne pozabi zlahka.<\/p>\n<p>&nbsp;<\/p>\n<p><strong>Vesna za najbolj\u0161i eksperimentalni film<\/strong><\/p>\n<p><strong><em>Vdor<\/em><\/strong><\/p>\n<p>Re\u017eija<strong>:<\/strong> Matev\u017e Jerman, Niko Novak<\/p>\n<p>Produkcija: Temporama<\/p>\n<p>Utemeljitev: Kratki eksperimentalni film <em>Vdor<\/em> s pomo\u010djo igre svetlobe in teme poganja zbirko v formaldehid shranjenih \u017eivalskih primerkov v nenehno gibanje. Avtorja filma manipulirata z abstraktnimi podobami, ki se gledalcu ne pustijo ujeti. Podobe skupaj z zvokom ustvarjajo nov, imaginaren in neskon\u010den prostor gledal\u010devega ob\u010dutenja.<\/p>\n<p>&nbsp;<\/p>\n<p><strong>Vesna za najbolj\u0161i \u0161tudijski film <\/strong><\/p>\n<p><strong><em>(ne)vidni<\/em><\/strong><\/p>\n<p>Re\u017eija: An\u017ee Gr\u010dar<\/p>\n<p>Produkcija: UL AGRFT<\/p>\n<p>Utemeljitev: Film <em>(Ne)vidni<\/em> na gledalca naredi vtis z natan\u010dnim opazovanjem azilantov in prostovoljcev pod streho Ambasade Rog. Prevzel nas je anga\u017eiran pristop mladih avtorjev, ki pronicljivo in subtilno pristopajo k izbrani temi.<\/p>\n<p>&nbsp;<\/p>\n<p><strong>Vesna za posebne dose\u017eke<\/strong><\/p>\n<p><strong><em>Babi\u010dino seksualno \u017eivljenje <\/em><\/strong><\/p>\n<p>Re\u017eija: Ur\u0161ka Djuki\u0107, Emilie Pigeard<\/p>\n<p>Utemeljitev: Vesno za posebne dose\u017eke podeljujemo tenko\u010dutnemu animiranemu filmu <em>Babi\u010dino seksualno \u017eivljenje<\/em>, ki prika\u017ee kratek izlet v zgodovino intimnosti pode\u017eelske babice. Avtorica se teme loteva na anga\u017eiran in ironi\u010den na\u010din, z enostavno in u\u010dinkovito risbo ter fotografijo. Gre za ganljivo dokumentarno pripoved s \u0161\u010depcem satiri\u010dnega humorja. Posebni dose\u017eek vidimo v domiselni strukturi filma in odli\u010dnem na\u010dinu pripovedovanja, ki subtilno razgrinja tabu temo na\u0161e polpretekle zgodovine.<\/p>\n<p><strong>\u00a0<\/strong><\/p>\n<p><strong>Vesna za posebne dose\u017eke <\/strong><\/p>\n<p><strong><em>Kazenski strel<\/em><\/strong><\/p>\n<p>Re\u017eija: Rok Bi\u010dek<\/p>\n<p>Utemeljitev: Vesno za posebne dose\u017eke podeljujemo izjemnemu slovenskemu doprinosu k filmu <em>Kazenski strel<\/em> v kategoriji manj\u0161inske koprodukcije. Re\u017eiser, soscenarist, somonta\u017eer in producent Rok Bi\u010dek nam z avtorskim pristopom v petnajstih minutah, polnih suspenza ter odli\u010dno vodene kamere in mladih igralcev, poka\u017ee, da ima navidez nedol\u017ena igra lahko resne posledice. Film od za\u010detka do konca deluje kot v\u017eigalna vrvica.<\/p>\n<p>&nbsp;<\/p>\n<p>**********<\/p>\n<p>&nbsp;<\/p>\n<p><strong>Posebno priznanje \u017eirije\/posebna omemba<\/strong><\/p>\n<p><strong><em>Iskre v \u010dasu \u2013 svetovni ra\u010dunalni\u0161ki podvig<\/em><\/strong><\/p>\n<p>Re\u017eija Jurij Gruden<\/p>\n<p>Produkcija: Senca Studio<\/p>\n<p>Utemeljitev: V filmu <em>Iskre v \u010dasu, svetovni ra\u010dunalni\u0161ki podvig<\/em> so predstavljena dejstva in osebna pri\u010devanja Janeza \u0160krubeja in skupine elektrotehnikov, ki so se med prvimi na svetu lotili razvijanja slovenskega in jugoslovanskega ra\u010dunalnika. Gledalci se seznanimo tako z njihovim svetovnim uspehom kot tudi z okoli\u0161\u010dinami in pritiski, katerim je bilo podvr\u017eeno njihovo inovatorsko delo. Film je pomembno pri\u010devanje iz prezrte in pozabljene zgodovine.<\/p>\n<p>&nbsp;<\/p>\n<p><strong>Posebno priznanje \u017eirije\/posebna omemba <\/strong><\/p>\n<p><strong><em>Ameba<\/em><\/strong><\/p>\n<p>Re\u017eija: Bla\u017e Zavr\u0161nik<br \/>\nProdukcija: Bandera<\/p>\n<p>Utemeljitev: Film <em>Ameba<\/em> si zaslu\u017ei posebno omembo zaradi gverilskega pristopa k snemanju, ki se ga v slovenski in regionalni kinematografiji uporablja vse preredko, a lahko, kot je razvidno v tem primeru, da zelo zanimive rezultate.<\/p>\n<p>&nbsp;<\/p>\n<p><strong>Vesna za najbolj\u0161i film po izboru ob\u010dinstva<\/strong><\/p>\n<p><strong><em>Prasica, slab\u0161alni izraz za \u017eensko<\/em><\/strong><\/p>\n<p>Re\u017eija: Tijana Zinaji\u0107<\/p>\n<p>Produkcija: December<\/p>\n<p>Povpre\u010dna ocena: 4,74<\/p>\n<p>&nbsp;<\/p>\n<p><strong>\u00a0<\/strong><\/p>\n<p><strong>DRUGE NAGRADE<\/strong><\/p>\n<p><strong>\u00a0<\/strong><\/p>\n<p><strong>Nagrada AKMS<\/strong><\/p>\n<p>za izbrani celove\u010derni film<\/p>\n<p><strong>\u017dirija<\/strong>: \u0160pela Mrak, Luka Vidic, Jure Mati\u010di\u010d<\/p>\n<p>&nbsp;<\/p>\n<p><strong><em>Morena<\/em><\/strong><\/p>\n<p>Re\u017eija: Antoneta Alamat Kusijanovi\u0107<\/p>\n<p>Utemeljitev: \u017dirija podeljuje nagrado filmu, ki nas je osvojil s svojo vsebinsko ve\u010dplastnostjo, vizualno estetiko, re\u017eijskim prese\u017ekom in izdelanimi igralskimi stvaritvami. Z odprtimi usti smo do\u017eivljali intenzivnost dru\u017einskih odnosov, nevzdr\u017eno stopnjevanje napetosti in mamljivost pobega iz raja. Nagrado prejme film <em>Morena<\/em>.<\/p>\n<p>&nbsp;<\/p>\n<p>Posebna omemba<\/p>\n<p><strong><em>Inventura<\/em><\/strong><\/p>\n<p>Re\u017eija: Darko Sinko<\/p>\n<p>Utemeljitev: Posebno omembo \u017eirija namenja prav tako izvrstnemu prvencu <em>Inventura<\/em>, ki v sredi\u0161\u010de dogajanja postavi najbolj navadnega \u010dloveka, ki se znajde v precepu med lastno predstavo o sebi in tem, kar v resnici je.<\/p>\n<p>&nbsp;<\/p>\n<p>********<\/p>\n<p>&nbsp;<\/p>\n<p><strong>Nagrada Dru\u0161tva slovenskih filmskih publicistov FIPRESCI<\/strong><\/p>\n<p>za najbolj\u0161i slovenski celove\u010derni filmi v tekmovalnem programu<\/p>\n<p><strong>\u017dirija<\/strong>: Bojana Bregar, Rok Govednik, Simona Jerala<\/p>\n<p>&nbsp;<\/p>\n<p><strong><em>Odpu\u0161\u010danje <\/em><\/strong><\/p>\n<p>Re\u017eija: Marija Zidar<\/p>\n<p>Produkcija: Vertigo<\/p>\n<p>Utemeljitev: Gre za premi\u0161ljen film, ki odpira vpogled v neopatriarhalne strukture. Ob intimni dru\u017einski tragediji subtilno prika\u017ee spotikanje populizma ob demokratizem, pri \u010demer v presojo gledalk in gledalcev ne posega.<\/p>\n<p>&nbsp;<\/p>\n<p>******<\/p>\n<p>&nbsp;<\/p>\n<p><strong>Nagrada za najbolj\u0161ega debitanta <\/strong><\/p>\n<p>pod pokroviteljstvom Iridium Filma<\/p>\n<p>&nbsp;<\/p>\n<p><strong>Darko Sinko<\/strong><\/p>\n<p>za film <em>Inventura<\/em><\/p>\n<p>&nbsp;<\/p>\n<p>******<\/p>\n<p>&nbsp;<\/p>\n<p><strong>Nagrada Kosobrin za dragocene filmske sodelavce<\/strong><\/p>\n<p>Podeljuje: Dru\u0161tvo slovenskih filmskih re\u017eiserjev<\/p>\n<p>Za leto 2020: rekviziter <strong>Rudi Po\u017eek<\/strong><\/p>\n<p>Za leto 2021: mojster osvetljave <strong>Drago Jari\u0107<\/strong><\/p>\n\n\t\t<\/div>\n\t<\/div>\n<\/div><\/div><\/div><\/div>\n","protected":false},"excerpt":{"rendered":"Vesna za najbolj\u0161i celove\u010derni film Prasica, slab\u0161alni izraz za \u017eensko Re\u017eija: Tijana Zinaji\u0107 Produkcija: December Utemeljitev: Film, [...]","protected":false},"author":1,"featured_media":0,"parent":0,"menu_order":0,"comment_status":"closed","ping_status":"closed","template":"","meta":[],"yoast_head":"<!-- This site is optimized with the Yoast SEO plugin v17.1 - https:\/\/yoast.com\/wordpress\/plugins\/seo\/ -->\n<title>Nagrade - FSF<\/title>\n<meta name=\"robots\" content=\"index, follow, max-snippet:-1, max-image-preview:large, max-video-preview:-1\" \/>\n<link rel=\"canonical\" href=\"https:\/\/www.fsf.si\/2021\/nagrade\/\" \/>\n<meta property=\"og:locale\" content=\"sl_SI\" \/>\n<meta property=\"og:type\" content=\"article\" \/>\n<meta property=\"og:title\" content=\"Nagrade - FSF\" \/>\n<meta property=\"og:url\" content=\"https:\/\/www.fsf.si\/2021\/nagrade\/\" \/>\n<meta property=\"og:site_name\" content=\"FSF\" \/>\n<meta property=\"article:modified_time\" content=\"2021-10-19T10:23:58+00:00\" \/>\n<meta name=\"twitter:card\" content=\"summary_large_image\" \/>\n<meta name=\"twitter:label1\" content=\"Est. reading time\" \/>\n\t<meta name=\"twitter:data1\" content=\"8 minut\" \/>\n<script type=\"application\/ld+json\" class=\"yoast-schema-graph\">{\"@context\":\"https:\/\/schema.org\",\"@graph\":[{\"@type\":\"Organization\",\"@id\":\"https:\/\/www.fsf.si\/2021\/#organization\",\"name\":\"Festival Slovenskega Filma\",\"url\":\"https:\/\/www.fsf.si\/2021\/\",\"sameAs\":[],\"logo\":{\"@type\":\"ImageObject\",\"@id\":\"https:\/\/www.fsf.si\/2021\/#logo\",\"inLanguage\":\"sl-SI\",\"url\":\"https:\/\/www.fsf.si\/2021\/wp-content\/uploads\/2019\/06\/Slider-FSF.png\",\"contentUrl\":\"https:\/\/www.fsf.si\/2021\/wp-content\/uploads\/2019\/06\/Slider-FSF.png\",\"width\":4800,\"height\":1600,\"caption\":\"Festival Slovenskega Filma\"},\"image\":{\"@id\":\"https:\/\/www.fsf.si\/2021\/#logo\"}},{\"@type\":\"WebSite\",\"@id\":\"https:\/\/www.fsf.si\/2021\/#website\",\"url\":\"https:\/\/www.fsf.si\/2021\/\",\"name\":\"FSF\",\"description\":\"Festival Slovenskega Filma\",\"publisher\":{\"@id\":\"https:\/\/www.fsf.si\/2021\/#organization\"},\"potentialAction\":[{\"@type\":\"SearchAction\",\"target\":{\"@type\":\"EntryPoint\",\"urlTemplate\":\"https:\/\/www.fsf.si\/2021\/?s={search_term_string}\"},\"query-input\":\"required name=search_term_string\"}],\"inLanguage\":\"sl-SI\"},{\"@type\":\"WebPage\",\"@id\":\"https:\/\/www.fsf.si\/2021\/nagrade\/#webpage\",\"url\":\"https:\/\/www.fsf.si\/2021\/nagrade\/\",\"name\":\"Nagrade - FSF\",\"isPartOf\":{\"@id\":\"https:\/\/www.fsf.si\/2021\/#website\"},\"datePublished\":\"2019-06-07T16:56:28+00:00\",\"dateModified\":\"2021-10-19T10:23:58+00:00\",\"breadcrumb\":{\"@id\":\"https:\/\/www.fsf.si\/2021\/nagrade\/#breadcrumb\"},\"inLanguage\":\"sl-SI\",\"potentialAction\":[{\"@type\":\"ReadAction\",\"target\":[\"https:\/\/www.fsf.si\/2021\/nagrade\/\"]}]},{\"@type\":\"BreadcrumbList\",\"@id\":\"https:\/\/www.fsf.si\/2021\/nagrade\/#breadcrumb\",\"itemListElement\":[{\"@type\":\"ListItem\",\"position\":1,\"name\":\"Home\",\"item\":\"https:\/\/www.fsf.si\/2021\/\"},{\"@type\":\"ListItem\",\"position\":2,\"name\":\"Nagrade\"}]}]}<\/script>\n<!-- \/ Yoast SEO plugin. -->","yoast_head_json":{"title":"Nagrade - FSF","robots":{"index":"index","follow":"follow","max-snippet":"max-snippet:-1","max-image-preview":"max-image-preview:large","max-video-preview":"max-video-preview:-1"},"canonical":"https:\/\/www.fsf.si\/2021\/nagrade\/","og_locale":"sl_SI","og_type":"article","og_title":"Nagrade - FSF","og_url":"https:\/\/www.fsf.si\/2021\/nagrade\/","og_site_name":"FSF","article_modified_time":"2021-10-19T10:23:58+00:00","twitter_card":"summary_large_image","twitter_misc":{"Est. reading time":"8 minut"},"schema":{"@context":"https:\/\/schema.org","@graph":[{"@type":"Organization","@id":"https:\/\/www.fsf.si\/2021\/#organization","name":"Festival Slovenskega Filma","url":"https:\/\/www.fsf.si\/2021\/","sameAs":[],"logo":{"@type":"ImageObject","@id":"https:\/\/www.fsf.si\/2021\/#logo","inLanguage":"sl-SI","url":"https:\/\/www.fsf.si\/2021\/wp-content\/uploads\/2019\/06\/Slider-FSF.png","contentUrl":"https:\/\/www.fsf.si\/2021\/wp-content\/uploads\/2019\/06\/Slider-FSF.png","width":4800,"height":1600,"caption":"Festival Slovenskega Filma"},"image":{"@id":"https:\/\/www.fsf.si\/2021\/#logo"}},{"@type":"WebSite","@id":"https:\/\/www.fsf.si\/2021\/#website","url":"https:\/\/www.fsf.si\/2021\/","name":"FSF","description":"Festival Slovenskega Filma","publisher":{"@id":"https:\/\/www.fsf.si\/2021\/#organization"},"potentialAction":[{"@type":"SearchAction","target":{"@type":"EntryPoint","urlTemplate":"https:\/\/www.fsf.si\/2021\/?s={search_term_string}"},"query-input":"required name=search_term_string"}],"inLanguage":"sl-SI"},{"@type":"WebPage","@id":"https:\/\/www.fsf.si\/2021\/nagrade\/#webpage","url":"https:\/\/www.fsf.si\/2021\/nagrade\/","name":"Nagrade - FSF","isPartOf":{"@id":"https:\/\/www.fsf.si\/2021\/#website"},"datePublished":"2019-06-07T16:56:28+00:00","dateModified":"2021-10-19T10:23:58+00:00","breadcrumb":{"@id":"https:\/\/www.fsf.si\/2021\/nagrade\/#breadcrumb"},"inLanguage":"sl-SI","potentialAction":[{"@type":"ReadAction","target":["https:\/\/www.fsf.si\/2021\/nagrade\/"]}]},{"@type":"BreadcrumbList","@id":"https:\/\/www.fsf.si\/2021\/nagrade\/#breadcrumb","itemListElement":[{"@type":"ListItem","position":1,"name":"Home","item":"https:\/\/www.fsf.si\/2021\/"},{"@type":"ListItem","position":2,"name":"Nagrade"}]}]}},"_links":{"self":[{"href":"https:\/\/www.fsf.si\/2021\/wp-json\/wp\/v2\/pages\/4645"}],"collection":[{"href":"https:\/\/www.fsf.si\/2021\/wp-json\/wp\/v2\/pages"}],"about":[{"href":"https:\/\/www.fsf.si\/2021\/wp-json\/wp\/v2\/types\/page"}],"author":[{"embeddable":true,"href":"https:\/\/www.fsf.si\/2021\/wp-json\/wp\/v2\/users\/1"}],"replies":[{"embeddable":true,"href":"https:\/\/www.fsf.si\/2021\/wp-json\/wp\/v2\/comments?post=4645"}],"version-history":[{"count":32,"href":"https:\/\/www.fsf.si\/2021\/wp-json\/wp\/v2\/pages\/4645\/revisions"}],"predecessor-version":[{"id":18871,"href":"https:\/\/www.fsf.si\/2021\/wp-json\/wp\/v2\/pages\/4645\/revisions\/18871"}],"wp:attachment":[{"href":"https:\/\/www.fsf.si\/2021\/wp-json\/wp\/v2\/media?parent=4645"}],"curies":[{"name":"wp","href":"https:\/\/api.w.org\/{rel}","templated":true}]}}