{"id":3920,"date":"2019-06-05T11:51:06","date_gmt":"2019-06-05T10:51:06","guid":{"rendered":"http:\/\/www.fsf.si\/2019\/?page_id=3920"},"modified":"2021-10-20T10:47:57","modified_gmt":"2021-10-20T08:47:57","slug":"awards","status":"publish","type":"page","link":"https:\/\/www.fsf.si\/2021\/en\/awards\/","title":{"rendered":"Awards"},"content":{"rendered":"<div class=\"vc_row wpb_row vc_row-fluid vc_custom_1559733142567 vc_row-has-fill edgtf-content-aligment-left\" ><div class=\"wpb_column vc_column_container vc_col-sm-12 vc_col-has-fill\"><div class=\"vc_column-inner vc_custom_1559733019901\"><div class=\"wpb_wrapper\">\n\t<div class=\"wpb_text_column wpb_content_element \" >\n\t\t<div class=\"wpb_wrapper\">\n\t\t\t<p><strong>Vesna Award for Best Feature Film<\/strong><\/p>\n<p><strong><em>Bitch, a Derogatory Term for a Woman <\/em><\/strong><\/p>\n<p>Directed by: Tijana Zinaji\u0107<\/p>\n<p>Production: December<\/p>\n<p>Jury&#8217;s comment: This is the film we found most surprising and fascinating. A film bursting with energy, life, and affection for its characters. Rather than playing the minimalism card trending in European arthouse cinema, it makes use of everything it has at its disposal\u2014from torrents of words to silences, from dancing to sitting around a small kitchen, or junkies. And it does everything well. This is a dynamic film with a superbly directed cast and a whole new cinematic energy.<\/p>\n<p>&nbsp;<\/p>\n<p><strong>Vesna Award for Best Director<\/strong><\/p>\n<p><strong>Darko Sinko <\/strong><\/p>\n<p>for<strong> <em>Inventory<\/em><\/strong><\/p>\n<p>Jury&#8217;s comment: Although at first sight this may seem an inconspicuous, restrained film, every minute of it is carefully directed, the filmmaker meticulously creating the rhythm and flow of the narrative. In its stylistic coherence and restraint, <em>Inventory<\/em> echoes the insecurity, frustration, and fear one feels as their life drifts into insignificance.<\/p>\n<p>&nbsp;<\/p>\n<p><strong>Vesna Award for Best Screenplay\u00a0<\/strong><\/p>\n<p><strong>Iza Strehar <\/strong><\/p>\n<p>for<strong> <em>Bitch, a Derogatory Term for a Woman<\/em> <\/strong><\/p>\n<p>Jury&#8217;s comment: This is a screenplay that is both anarchic and analytical. Ironic and self-critical. Foul-mouthed and artistically ambitious. Feminist and phallic. Honest and deceptive. Sober and drunk. Doped and clean. Celibate and sexed-up. Just like life.<\/p>\n<p>&nbsp;<\/p>\n<p><strong>Vesna Award for Best Actress in a Leading Role<\/strong><\/p>\n<p><strong>Liza Marijina <\/strong>for the role of Eva<\/p>\n<p>in<strong> <em>Bitch, a Derogatory Term for a Woman<\/em> <\/strong><\/p>\n<p>Jury&#8217;s comment: Liza Marijina has proven once more how strongly and accurately she can feel the anger of the generation seemingly unwilling to grow up despite having it all worked out. As Eva, Marijina goes about \u201ckilling\u201d and \u201cmassacring\u201d everyone around her with her inexorable bluntness and couldn\u2019t-care-less attitude, masking the underlying fear, insecurity, and profound yearning.<\/p>\n<p>&nbsp;<\/p>\n<p><strong>Vesna Award for Best Actor in a Leading Role<\/strong><\/p>\n<p><strong>Rado\u0161 Bol\u010dina <\/strong>for the role of Boris<\/p>\n<p>in<strong> <em>Inventory<\/em><\/strong><\/p>\n<p>Jury&#8217;s comment: With his creative range and experience as an actor, Rado\u0161 Bol\u010dina as Boris skilfully manoeuvres the fine line between Coenesque absurdity of an invisible man, realism, and intelligent humour.<\/p>\n<p>&nbsp;<\/p>\n<p><strong>Vesna Award for Best Actress in a Supporting Role<\/strong><\/p>\n<p><strong>Anu\u0161a Kodelja <\/strong>for the role of Nina<\/p>\n<p>in <strong><em>Bitch, a Derogatory Term for a Woman<\/em> <\/strong><\/p>\n<p>Jury&#8217;s comment: Anu\u0161a Kodelja is enrapturing as Nina with her freshness, playful audacity, and an extraordinary sense of humour. She becomes our bestie, the soul mate we\u2019d follow to the end of the world\u2014or at least to Berlin.<\/p>\n<p>&nbsp;<\/p>\n<p><strong>Vesna Award for Best Actor in a Supporting Role<\/strong><\/p>\n<p><strong>Dejan Spasi\u0107 <\/strong>for the role of Andrej<\/p>\n<p>in<strong> <em>Inventory<\/em><\/strong><\/p>\n<p>Jury&#8217;s comment: The character of police inspector has seen so many repetitions in cinema that doing it in an original way is a challenge. In <em>Inventory<\/em>, Dejan Spasi\u0107 manages precisely this. Working on a case that will never be closed, Inspector Andrej is a sensible, warm person who is here to close the case.<\/p>\n<p>&nbsp;<\/p>\n<p><strong>Vesna Award for Best Cinematography<\/strong><\/p>\n<p><strong>Mitja Li\u010den<\/strong><\/p>\n<p>for<strong> <em>Small Body<\/em><\/strong><\/p>\n<p>Jury&#8217;s comment: The co-production <em>Small Body<\/em> presented Mitja Li\u010den with a huge challenge: the film is set more than a century ago. The director of photography shot this dramatic, emotional tale in which the main characters symbolically go through hell in their struggle to survive, in a way to make the audience feel part of this world gone by, its cruelty and redemption.<\/p>\n<p>&nbsp;<\/p>\n<p><strong>Vesna Award for Best Original Music<\/strong><\/p>\n<p><strong>Matija Kre\u010di\u010d <\/strong><\/p>\n<p>for<strong> <em>Inventory<\/em><\/strong><\/p>\n<p>Jury&#8217;s comment: For his brave use of strong musical emphases and departure from the kind of music that blends with sound design. Instead, music here assumes a role equal to other characters.<\/p>\n<p>&nbsp;<\/p>\n<p><strong>Vesna Award for Best Editing<\/strong><\/p>\n<p><strong>Uro\u0161 Maksimovi\u0107 <\/strong>(editor),<strong> Mariana Koz\u00e1kov\u00e1 <\/strong>(co-editor)<\/p>\n<p>for<strong> <em>Reconciliation<\/em><\/strong><\/p>\n<p>Jury&#8217;s comment: A family tragedy, a traditional village high in the Albanian mountains. New lords and masters, priests and lawyers, and a film production that took six years. The editors managed to turn all this into a visually, dramaturgically coherent whole in which the protagonist \u2013 a girl who was killed in a family feud \u2013 remains present in the sorrow, silence, and eyes of her mother. Meanwhile, the male characters \u2013 neighbours, family members, officials, and priests \u2013 are occupied with macho issues: who is more important, and who has raked in more money. The system has changed, but patriarchy remains.<\/p>\n<p>&nbsp;<\/p>\n<p>Vesna Award for Best Production Design<\/p>\n<p><strong>Ne\u017ea Zinaji\u0107<\/strong><\/p>\n<p>for<strong> Bitch, a Derogatory Term for a Woman<\/strong><\/p>\n<p>Jury&#8217;s comment: The award for best production design goes to Ne\u017ea Zinaji\u0107 for <em>Bitch, a Derogatory Term for a Woman<\/em>. Zinaji\u0107 manages to seamlessly work the numerous locations \u2013 including many well-known vedutas of Ljubljana, student flats, galleries and party places, toilets and surgeries \u2013 into the eclectic style of the film, making all seem authentic, supporting the characters and the director\u2019s approach.<\/p>\n<p>&nbsp;<\/p>\n<p><strong>Vesna Award for Best Costume Design<\/strong><\/p>\n<p><strong>Matic Hrovat<\/strong><\/p>\n<p>for<strong> <em>Bitch, a Derogatory Term for a Woman<\/em><\/strong><\/p>\n<p>Jury&#8217;s comment: The award for best costume design goes to Matic Hrovat for <em>Bitch, a Derogatory Term for a Woman<\/em>, for street fashion turned into film costumes that do an excellent job of portraying the characters stuck between childhood and adulthood.<\/p>\n<p>&nbsp;<\/p>\n<p><strong>Vesna Award for Best Make-up<\/strong><\/p>\n<p><strong>Martina \u0160ubic Dodo\u010di\u0107<\/strong><\/p>\n<p>for<strong> <em>Oasis<\/em><\/strong><\/p>\n<p>Jury&#8217;s comment: Martina \u0160ubic Dodo\u010di\u0107&#8217;s make-up design in Ivan Iki\u0107&#8217;s <em>Oasis<\/em> makes an extraordinary contribution to the real and specific nature of the film\u2019s environment, while never exploiting its protagonists.<\/p>\n<p>&nbsp;<\/p>\n<p><strong>Vesna Award for Best Sound<\/strong><\/p>\n<p><strong>Julij Zornik<\/strong><\/p>\n<p>for<strong> <em>Murina<\/em><\/strong><\/p>\n<p>Jury&#8217;s comment: The name of Julij Zornik, the sound designer behind most of the films in competition, stands out prominently in the 2021 festival line-up. We could say that Julij Zornik is a nonpareil. Still, as we had to choose of the films he worked on as a sound designer, we decided to award him for <em>Murina<\/em>, directed by Antoaneta Alamat Kusijanovi\u0107, for his splendidly designed sound atmosphere of the space below and above the sea, one very different from that most commonly found in Mediterranean films.<\/p>\n<p>&nbsp;<\/p>\n<p><strong>Vesna Award for Best Minority Co-production <\/strong><\/p>\n<p><strong><em>Small Body<\/em><\/strong><\/p>\n<p>Directed by: Laura Samani<\/p>\n<p>Slovenian co-producer: Vertigo<\/p>\n<p>Jury&#8217;s comment: We have seen some amazing arthouse films in this category, film that have toured festivals worldwide and are without doubt prime examples of European cinema. Therefore, selecting the winner of this award was a difficult decision, made somewhat easier by the rule stipulating that Slovenian filmmakers can compete for awards with both majority and minority co-productions, which we believe highlights their high quality. Ultimately, we decided to present the award for best minority co-production to Laura Samani\u2019s debut <em>Small Body<\/em>. This is a work of extraordinary visual power and corporeality, both virtually seeping off the screen. Transferring the audience to rural ways of life in the early 20th century, the film manages to avoid the sentimental romanticisation of our ancestors\u2019 lives, surprising the audience with subtle narrative twists and the use of Slovenian and Italian dialects on the way. Both gentle and cruel, this is by all means a wonderful film, which hopefully finds its way to Slovenian cinemas along with other outstanding minority co-productions.<\/p>\n<p>&nbsp;<\/p>\n<p><strong>Vesna Award for Best Documentary<\/strong><\/p>\n<p><strong><em>Reconciliation<\/em><\/strong><\/p>\n<p>Directed by: Marija Zidar<\/p>\n<p>Production: Vertigo<\/p>\n<p>Jury&#8217;s comment: Navigating through a complicated family feud, Marija Zidar paints a complex image of a patriarchal society. Using a meticulous, restrained observational technique, the filmmaker takes us into the very core of the two feuding families, creating a nuanced, poignant documentary.<\/p>\n<p>&nbsp;<\/p>\n<p><strong>Vesna Award for Best Short Fiction Film<\/strong><\/p>\n<p><strong><em>Sisters<\/em><\/strong><\/p>\n<p>Directed by: Kukla<\/p>\n<p>Production: A Atalanta<\/p>\n<p>Jury&#8217;s comment: In the short fiction film <em>Sisters<\/em>, the director critically explores the role of gender in society and the violence that results from this. Using an intense rhythm and a saturated mix of images, sound, and music, the film is a powerful journey from the very first to the last shot.<\/p>\n<p>&nbsp;<\/p>\n<p><strong>Vesna Award for Best Animated Film<\/strong><\/p>\n<p><strong><em>Steakhouse<\/em><\/strong><\/p>\n<p>Directed by: \u0160pela \u010cade\u017e<\/p>\n<p>Production: Finta<\/p>\n<p>Jury&#8217;s comment: In a poetic way and with a dose of black humour, \u0160pela \u010cade\u017e\u2019s animated short Steakhouse paints a rough reality of a romantic relationship, telling the story through a technically and substantially flawless work. Against the softness of the visual design comes a surprising finale, which stays with you long after the lights have come up.<\/p>\n<p>&nbsp;<\/p>\n<p><strong>Vesna Award for Best Experimental Film<\/strong><\/p>\n<p><strong><em>Intrusion<\/em><\/strong><\/p>\n<p>Directed by<strong>:<\/strong> Matev\u017e Jerman, Niko Novak<\/p>\n<p>Production: Temporama<\/p>\n<p>Jury&#8217;s comment: Using a play of light and darkness, the experimental short <em>Intrusion<\/em> sets the collection of specimens preserved in formaldehyde in perpetual motion. The filmmakers manipulate abstract images, keeping them evasive for the audience. Together with sound, the images create a new endless imaginary space for the spectator\u2019s sensations.<\/p>\n<p>&nbsp;<\/p>\n<p><strong>Vesna Award for Best Student Film<\/strong><\/p>\n<p><strong><em>(in)visible<\/em><\/strong><\/p>\n<p>Directed by: An\u017ee Gr\u010dar<\/p>\n<p>Production: UL AGRFT<\/p>\n<p>Jury&#8217;s comment: <em>(in)visible<\/em> is striking in its careful observation of asylum seekers and volunteers that meet at Ambasada Rog. We are fascinated by the young filmmakers\u2019 committed approach, and their insightful, subtle take on the topic.<\/p>\n<p>&nbsp;<\/p>\n<p><strong>Vesna Award for Special Achievement<\/strong><\/p>\n<p><strong><em>Granny&#8217;s Sexual Life<\/em><\/strong><\/p>\n<p>Directed by: Ur\u0161ka Djuki\u0107, Emilie Pigeard<\/p>\n<p>Jury&#8217;s comment: A Vesna Award for special achievement goes to <em>Granny\u2019s Sexual Life<\/em>, a solicitous animation that shows a short journey into the history of a grandmother\u2019s country life intimacy. The filmmaker\u2019s committed, ironic approach is delivered through simple, effective drawing and photography, creating a poignant documentary with a tinge of satirical humour. We have recognised its special achievement in its ingenious structure and a superb style of narration that subtly tackles a taboo subject from our recent past.<\/p>\n<p>&nbsp;<\/p>\n<p><strong>Vesna Award for Special Achievement<\/strong><\/p>\n<p><strong><em>Penalty Shot<\/em><\/strong><\/p>\n<p>Directed by: Rok Bi\u010dek<\/p>\n<p>Jury&#8217;s comment: A Vesna Award for special achievement goes to Slovenia\u2019s outstanding contribution to the minority co-production<em> Penalty Shot<\/em>. In its fifteen suspenseful minutes, with an original approach, great camera work and superbly directed young cast, the director, co-screenwriter, co-editor, and producer Rok Bi\u010dek shows how seemingly innocent play can end badly. From start to finish, the film is like a slow match burning.<\/p>\n<p>&nbsp;<\/p>\n<p>**********<\/p>\n<p>&nbsp;<\/p>\n<p><strong>Special Jury Award \/ Special Mention<\/strong><\/p>\n<p><strong><em>Sparks in Time \u2013 A Worldwide Computer Adventure<\/em><\/strong><\/p>\n<p>Directed by: Jurij Gruden<\/p>\n<p>Production: Senca Studio<\/p>\n<p>Jury&#8217;s comment: <em>Sparks in Time \u2013 A Worldwide Computer Adventure<\/em> delivers facts and personal accounts of Janez \u0160krubej and his fellow electrical engineers who were among the first in the world to start developing a Slovenian and Yugoslavian computer. The audience learns about their global achievement as well as the circumstances and pressures dictating their innovation. This is an urgent story from the ignored and forgotten past.<\/p>\n<p>&nbsp;<\/p>\n<p><strong>Special Jury Award \/ Special Mention<\/strong><\/p>\n<p><strong><em>Ameba<\/em><\/strong><\/p>\n<p>Directed by: Bla\u017e Zavr\u0161nik<br \/>\nProduction: Bandera<\/p>\n<p>Jury&#8217;s comment: <em>Ameba<\/em> deserves a special mention for its guerrilla approach to production. Used too rarely in Slovenian and regional cinema, such approach, as the film demonstrates, can yield very interesting results.<\/p>\n<p>&nbsp;<\/p>\n<p><strong>Vesna Audience Award<\/strong><\/p>\n<p><strong><em>Bitch, a Derogatory Term for a Woman<\/em><\/strong><\/p>\n<p>Directed by: Tijana Zinaji\u0107<\/p>\n<p>Production: December<\/p>\n<p>Average score: 4.74<\/p>\n<p>&nbsp;<\/p>\n<p><strong>\u00a0<\/strong><\/p>\n<p><strong>OTHER AWARDS<\/strong><\/p>\n<p><strong>\u00a0<\/strong><\/p>\n<p><strong>Slovenian Art Cinema Association Award<\/strong><\/p>\n<p>for feature film<\/p>\n<p><strong>Jury<\/strong>: \u0160pela Mrak, Luka Vidic, Jure Mati\u010di\u010d<\/p>\n<p>&nbsp;<\/p>\n<p><strong><em>Murina<\/em><\/strong><\/p>\n<p>Directed by: Antoneta Alamat Kusijanovi\u0107<\/p>\n<p>Jury&#8217;s comment: The award goes to a film that dazzled us with its nuanced narrative, visual aesthetics, outstanding directorial achievement, and well-crafted acting performances. We watched wide-eyed and gaping, feeling first-hand the intensity of family relations, the unbearably rising tension, and the allure of an escape from paradise. The award goes to <em>Murina<\/em>.<\/p>\n<p>&nbsp;<\/p>\n<p>Special Mention<\/p>\n<p><strong><em>Inventory <\/em><\/strong><\/p>\n<p>Directed by: Darko Sinko<\/p>\n<p>Jury&#8217;s comment: A special mention goes to <em>Inventory<\/em>, an equally superb debut that centres on a most usual man who finds himself torn between his own image of himself and his true self.<\/p>\n<p>&nbsp;<\/p>\n<p>********<\/p>\n<p>&nbsp;<\/p>\n<p><strong>FIPRESCI Association of Slovenian Film Critics Award<\/strong><\/p>\n<p>for best Slovenian feature film in the Official Competition<\/p>\n<p><em>Jury<\/em>: Bojana Bregar, Rok Govednik, Simona Jerala<\/p>\n<p>&nbsp;<\/p>\n<p><strong><em>Reconciliation<\/em><\/strong><\/p>\n<p>Directed by: Marija Zidar<\/p>\n<p>Production: Vertigo<\/p>\n<p>Jury&#8217;s comment: This is a clever film that gives an insight into neo-patriarchal structures. Tracing an intimate family tragedy, it subtly shows the stumbling of populism over democracy, while refraining from interfering with the audience\u2019s judgment.<\/p>\n<p>&nbsp;<\/p>\n<p>******<\/p>\n<p>&nbsp;<\/p>\n<p><strong>Best Debut Award<\/strong><\/p>\n<p>sponsored by Iridium Film<\/p>\n<p>&nbsp;<\/p>\n<p><strong>Darko Sinko<\/strong><\/p>\n<p>for <em>Inventory<\/em><\/p>\n<p>&nbsp;<\/p>\n<p>******<\/p>\n<p>&nbsp;<\/p>\n<p><strong>Kosobrin Award for priceless below-the-line crew member <\/strong><\/p>\n<p>Presented by the Directors Guild of Slovenia<\/p>\n<p>For 2020: property master <strong>Rudi Po\u017eek<\/strong><\/p>\n<p>For 2021: chief lighting technician <strong>Drago Jari\u0107<\/strong><\/p>\n\n\t\t<\/div>\n\t<\/div>\n<\/div><\/div><\/div><\/div>\n","protected":false},"excerpt":{"rendered":"Vesna Award for Best Feature Film Bitch, a Derogatory Term for a Woman Directed by: Tijana Zinaji\u0107 [...]","protected":false},"author":1,"featured_media":0,"parent":0,"menu_order":0,"comment_status":"closed","ping_status":"closed","template":"","meta":[],"yoast_head":"<!-- This site is optimized with the Yoast SEO plugin v17.1 - https:\/\/yoast.com\/wordpress\/plugins\/seo\/ -->\n<title>Awards - FSF<\/title>\n<meta name=\"robots\" content=\"index, follow, max-snippet:-1, max-image-preview:large, max-video-preview:-1\" \/>\n<link rel=\"canonical\" href=\"https:\/\/www.fsf.si\/2021\/awards\/\" \/>\n<meta property=\"og:locale\" content=\"sl_SI\" \/>\n<meta property=\"og:type\" content=\"article\" \/>\n<meta property=\"og:title\" content=\"Awards - FSF\" \/>\n<meta property=\"og:url\" content=\"https:\/\/www.fsf.si\/2021\/en\/awards\/\" \/>\n<meta property=\"og:site_name\" content=\"FSF\" \/>\n<meta property=\"article:modified_time\" content=\"2021-10-20T08:47:57+00:00\" \/>\n<meta name=\"twitter:card\" content=\"summary_large_image\" \/>\n<meta name=\"twitter:label1\" content=\"Est. reading time\" \/>\n\t<meta name=\"twitter:data1\" content=\"1 minuta\" \/>\n<script type=\"application\/ld+json\" class=\"yoast-schema-graph\">{\"@context\":\"https:\/\/schema.org\",\"@graph\":[{\"@type\":\"Organization\",\"@id\":\"https:\/\/www.fsf.si\/2021\/#organization\",\"name\":\"Festival Slovenskega Filma\",\"url\":\"https:\/\/www.fsf.si\/2021\/\",\"sameAs\":[],\"logo\":{\"@type\":\"ImageObject\",\"@id\":\"https:\/\/www.fsf.si\/2021\/#logo\",\"inLanguage\":\"sl-SI\",\"url\":\"https:\/\/www.fsf.si\/2021\/wp-content\/uploads\/2019\/06\/Slider-FSF.png\",\"contentUrl\":\"https:\/\/www.fsf.si\/2021\/wp-content\/uploads\/2019\/06\/Slider-FSF.png\",\"width\":4800,\"height\":1600,\"caption\":\"Festival Slovenskega Filma\"},\"image\":{\"@id\":\"https:\/\/www.fsf.si\/2021\/#logo\"}},{\"@type\":\"WebSite\",\"@id\":\"https:\/\/www.fsf.si\/2021\/#website\",\"url\":\"https:\/\/www.fsf.si\/2021\/\",\"name\":\"FSF\",\"description\":\"Festival Slovenskega Filma\",\"publisher\":{\"@id\":\"https:\/\/www.fsf.si\/2021\/#organization\"},\"potentialAction\":[{\"@type\":\"SearchAction\",\"target\":{\"@type\":\"EntryPoint\",\"urlTemplate\":\"https:\/\/www.fsf.si\/2021\/?s={search_term_string}\"},\"query-input\":\"required name=search_term_string\"}],\"inLanguage\":\"sl-SI\"},{\"@type\":\"WebPage\",\"@id\":\"https:\/\/www.fsf.si\/2021\/en\/awards\/#webpage\",\"url\":\"https:\/\/www.fsf.si\/2021\/en\/awards\/\",\"name\":\"Awards - FSF\",\"isPartOf\":{\"@id\":\"https:\/\/www.fsf.si\/2021\/#website\"},\"datePublished\":\"2019-06-05T10:51:06+00:00\",\"dateModified\":\"2021-10-20T08:47:57+00:00\",\"breadcrumb\":{\"@id\":\"https:\/\/www.fsf.si\/2021\/en\/awards\/#breadcrumb\"},\"inLanguage\":\"sl-SI\",\"potentialAction\":[{\"@type\":\"ReadAction\",\"target\":[\"https:\/\/www.fsf.si\/2021\/en\/awards\/\"]}]},{\"@type\":\"BreadcrumbList\",\"@id\":\"https:\/\/www.fsf.si\/2021\/en\/awards\/#breadcrumb\",\"itemListElement\":[{\"@type\":\"ListItem\",\"position\":1,\"name\":\"Home\",\"item\":\"https:\/\/www.fsf.si\/2021\/\"},{\"@type\":\"ListItem\",\"position\":2,\"name\":\"Awards\"}]}]}<\/script>\n<!-- \/ Yoast SEO plugin. -->","yoast_head_json":{"title":"Awards - FSF","robots":{"index":"index","follow":"follow","max-snippet":"max-snippet:-1","max-image-preview":"max-image-preview:large","max-video-preview":"max-video-preview:-1"},"canonical":"https:\/\/www.fsf.si\/2021\/awards\/","og_locale":"sl_SI","og_type":"article","og_title":"Awards - FSF","og_url":"https:\/\/www.fsf.si\/2021\/en\/awards\/","og_site_name":"FSF","article_modified_time":"2021-10-20T08:47:57+00:00","twitter_card":"summary_large_image","twitter_misc":{"Est. reading time":"1 minuta"},"schema":{"@context":"https:\/\/schema.org","@graph":[{"@type":"Organization","@id":"https:\/\/www.fsf.si\/2021\/#organization","name":"Festival Slovenskega Filma","url":"https:\/\/www.fsf.si\/2021\/","sameAs":[],"logo":{"@type":"ImageObject","@id":"https:\/\/www.fsf.si\/2021\/#logo","inLanguage":"sl-SI","url":"https:\/\/www.fsf.si\/2021\/wp-content\/uploads\/2019\/06\/Slider-FSF.png","contentUrl":"https:\/\/www.fsf.si\/2021\/wp-content\/uploads\/2019\/06\/Slider-FSF.png","width":4800,"height":1600,"caption":"Festival Slovenskega Filma"},"image":{"@id":"https:\/\/www.fsf.si\/2021\/#logo"}},{"@type":"WebSite","@id":"https:\/\/www.fsf.si\/2021\/#website","url":"https:\/\/www.fsf.si\/2021\/","name":"FSF","description":"Festival Slovenskega Filma","publisher":{"@id":"https:\/\/www.fsf.si\/2021\/#organization"},"potentialAction":[{"@type":"SearchAction","target":{"@type":"EntryPoint","urlTemplate":"https:\/\/www.fsf.si\/2021\/?s={search_term_string}"},"query-input":"required name=search_term_string"}],"inLanguage":"sl-SI"},{"@type":"WebPage","@id":"https:\/\/www.fsf.si\/2021\/en\/awards\/#webpage","url":"https:\/\/www.fsf.si\/2021\/en\/awards\/","name":"Awards - FSF","isPartOf":{"@id":"https:\/\/www.fsf.si\/2021\/#website"},"datePublished":"2019-06-05T10:51:06+00:00","dateModified":"2021-10-20T08:47:57+00:00","breadcrumb":{"@id":"https:\/\/www.fsf.si\/2021\/en\/awards\/#breadcrumb"},"inLanguage":"sl-SI","potentialAction":[{"@type":"ReadAction","target":["https:\/\/www.fsf.si\/2021\/en\/awards\/"]}]},{"@type":"BreadcrumbList","@id":"https:\/\/www.fsf.si\/2021\/en\/awards\/#breadcrumb","itemListElement":[{"@type":"ListItem","position":1,"name":"Home","item":"https:\/\/www.fsf.si\/2021\/"},{"@type":"ListItem","position":2,"name":"Awards"}]}]}},"_links":{"self":[{"href":"https:\/\/www.fsf.si\/2021\/wp-json\/wp\/v2\/pages\/3920"}],"collection":[{"href":"https:\/\/www.fsf.si\/2021\/wp-json\/wp\/v2\/pages"}],"about":[{"href":"https:\/\/www.fsf.si\/2021\/wp-json\/wp\/v2\/types\/page"}],"author":[{"embeddable":true,"href":"https:\/\/www.fsf.si\/2021\/wp-json\/wp\/v2\/users\/1"}],"replies":[{"embeddable":true,"href":"https:\/\/www.fsf.si\/2021\/wp-json\/wp\/v2\/comments?post=3920"}],"version-history":[{"count":35,"href":"https:\/\/www.fsf.si\/2021\/wp-json\/wp\/v2\/pages\/3920\/revisions"}],"predecessor-version":[{"id":18877,"href":"https:\/\/www.fsf.si\/2021\/wp-json\/wp\/v2\/pages\/3920\/revisions\/18877"}],"wp:attachment":[{"href":"https:\/\/www.fsf.si\/2021\/wp-json\/wp\/v2\/media?parent=3920"}],"curies":[{"name":"wp","href":"https:\/\/api.w.org\/{rel}","templated":true}]}}