{"id":18633,"date":"2021-10-10T10:39:51","date_gmt":"2021-10-10T08:39:51","guid":{"rendered":"https:\/\/www.fsf.si\/2021\/?page_id=18633"},"modified":"2021-10-10T10:40:12","modified_gmt":"2021-10-10T08:40:12","slug":"za-varen-obisk","status":"publish","type":"page","link":"https:\/\/www.fsf.si\/2021\/za-varen-obisk\/","title":{"rendered":"Za varen obisk"},"content":{"rendered":"<p><strong>Za varen obisk in dobro po\u010dutje<\/strong><\/p>\n<p><strong>Za dobro po\u010dutje vseh obiskovalcev vas prosimo, da upo\u0161tevate slede\u010da navodila in priporo\u010dila.<\/strong><\/p>\n<ul>\n<li>Za obisk Festivala slovenskega filma se odlo\u010dite samo, \u010de ste zdravi in ne ka\u017eete nobenih znakov bolezni.<\/li>\n<li>V Avditorij Portoro\u017e, Razstavi\u0161\u010de Monfort in Gledali\u0161\u010de Tartini lahko vstopijo samo obiskovalci, ki imajo <strong>dokazilo o izpolnjevanju enega od PCT pogojev<\/strong>: prebolevnost, cepljenje ali negativni izvid testa. Mlaj\u0161im od 15 let teh pogojev ni potrebno izpolnjevati. Ob vstopu boste prejeli zapestnico (vsak dan druge barve), ki vam bo ob nadaljnjih vstopih v istem dnevu omogo\u010da vstop brez ponovne kontrole. Pri vstopu v dvorano boste tako pokazali samo \u0161e vstopnico.<\/li>\n<li>V vseh prostorih, razen v Kavarni in med pogostitvami, je ves \u010das obvezna <strong>uporaba za\u0161\u010ditne maske<\/strong>. Masko je potrebno nositi tudi med projekcijami. Za\u0161\u010ditna maska ni obvezna za otroke do dopolnjenega 6. leta starosti.<\/li>\n<li>V dvorane in druge prireditvene prostore vstopajte posami\u010dno in si ob vstopu <strong>razku\u017eite roke<\/strong>.<\/li>\n<li>Ne dotikajte se o\u010di, nosu in ust ter upo\u0161tevajte pravila higiene rok, ka\u0161lja in kihanja.<\/li>\n<li>Upo\u0161tevajte dolo\u010deno smer gibanja pri vhodu in izhodu iz prireditvenih prostorov.<\/li>\n<li>Sledite navodilom biljeterk in biljeterjev.<\/li>\n<li>Priporo\u010damo brezsti\u010dno oz. karti\u010dno pla\u010devanje.<\/li>\n<li>Mobilne telefone in druge elektronske naprave, ki oddajajo zvok in\/ali svetlobo, pred za\u010detkom filmske projekcije izklopite.<\/li>\n<li>Filmske projekcije bomo za\u010denjali to\u010dno, zato <strong>vas prosimo, da ne zamujate. <\/strong><\/li>\n<li>Po filmu Tekmovalnega in Posebnega programa bo na odru sledila <strong>predstavitev filmske ekipe<\/strong>, zato vas prosimo, da ne zapu\u0161\u010date svojih sede\u017eev.<\/li>\n<\/ul>\n<p><strong><em>Informacija o covid-to\u010dki<\/em><\/strong><\/p>\n<p><em>Samopla\u010dni\u0161ko testiranje je mo\u017eno v Galeriji San Marco, v neposredni bli\u017eini Cafe Centrala, Obala 33., vsak dan med 8:00 in 15:00 in 17:00 in 19:00. Cena izvedbe testiranja je 10 \u20ac.\u00a0 Uporaba za\u0161\u010ditne maske je obvezna ves \u010das gibanja in zadr\u017eevanja v zaprtih javnih prostorih, ne glede na medosebno razdaljo. Maske se tako obvezne tudi v dvoranah, med filmskimi projekcijami in drugim programom.<\/em><\/p>\n<p><strong>Zahvaljujemo se vam za upo\u0161tevanje zgornjih navodil in priporo\u010dil za varen in prijeten obisk 24. Festivala slovenskega filma Portoro\u017e. <\/strong><\/p>\n<p>&nbsp;<\/p>\n","protected":false},"excerpt":{"rendered":"<p>Za varen obisk in dobro po\u010dutje Za dobro po\u010dutje vseh obiskovalcev vas prosimo, da upo\u0161tevate slede\u010da navodila [&hellip;]<\/p>\n","protected":false},"author":1,"featured_media":0,"parent":0,"menu_order":0,"comment_status":"closed","ping_status":"closed","template":"","meta":[],"yoast_head":"<!-- This site is optimized with the Yoast SEO plugin v17.1 - https:\/\/yoast.com\/wordpress\/plugins\/seo\/ -->\n<title>Za varen obisk - FSF<\/title>\n<meta name=\"robots\" content=\"index, follow, max-snippet:-1, max-image-preview:large, max-video-preview:-1\" \/>\n<link rel=\"canonical\" href=\"https:\/\/www.fsf.si\/2021\/za-varen-obisk\/\" \/>\n<meta property=\"og:locale\" content=\"sl_SI\" \/>\n<meta property=\"og:type\" content=\"article\" \/>\n<meta property=\"og:title\" content=\"Za varen obisk - FSF\" \/>\n<meta property=\"og:description\" content=\"Za varen obisk in dobro po\u010dutje Za dobro po\u010dutje vseh obiskovalcev vas prosimo, da upo\u0161tevate slede\u010da navodila [&hellip;]\" \/>\n<meta property=\"og:url\" content=\"https:\/\/www.fsf.si\/2021\/za-varen-obisk\/\" \/>\n<meta property=\"og:site_name\" content=\"FSF\" \/>\n<meta property=\"article:modified_time\" content=\"2021-10-10T08:40:12+00:00\" \/>\n<meta name=\"twitter:card\" content=\"summary_large_image\" \/>\n<meta name=\"twitter:label1\" content=\"Est. reading time\" \/>\n\t<meta name=\"twitter:data1\" content=\"2 minuti\" \/>\n<script type=\"application\/ld+json\" class=\"yoast-schema-graph\">{\"@context\":\"https:\/\/schema.org\",\"@graph\":[{\"@type\":\"Organization\",\"@id\":\"https:\/\/www.fsf.si\/2021\/#organization\",\"name\":\"Festival Slovenskega Filma\",\"url\":\"https:\/\/www.fsf.si\/2021\/\",\"sameAs\":[],\"logo\":{\"@type\":\"ImageObject\",\"@id\":\"https:\/\/www.fsf.si\/2021\/#logo\",\"inLanguage\":\"sl-SI\",\"url\":\"https:\/\/www.fsf.si\/2021\/wp-content\/uploads\/2019\/06\/Slider-FSF.png\",\"contentUrl\":\"https:\/\/www.fsf.si\/2021\/wp-content\/uploads\/2019\/06\/Slider-FSF.png\",\"width\":4800,\"height\":1600,\"caption\":\"Festival Slovenskega Filma\"},\"image\":{\"@id\":\"https:\/\/www.fsf.si\/2021\/#logo\"}},{\"@type\":\"WebSite\",\"@id\":\"https:\/\/www.fsf.si\/2021\/#website\",\"url\":\"https:\/\/www.fsf.si\/2021\/\",\"name\":\"FSF\",\"description\":\"Festival Slovenskega Filma\",\"publisher\":{\"@id\":\"https:\/\/www.fsf.si\/2021\/#organization\"},\"potentialAction\":[{\"@type\":\"SearchAction\",\"target\":{\"@type\":\"EntryPoint\",\"urlTemplate\":\"https:\/\/www.fsf.si\/2021\/?s={search_term_string}\"},\"query-input\":\"required name=search_term_string\"}],\"inLanguage\":\"sl-SI\"},{\"@type\":\"WebPage\",\"@id\":\"https:\/\/www.fsf.si\/2021\/za-varen-obisk\/#webpage\",\"url\":\"https:\/\/www.fsf.si\/2021\/za-varen-obisk\/\",\"name\":\"Za varen obisk - FSF\",\"isPartOf\":{\"@id\":\"https:\/\/www.fsf.si\/2021\/#website\"},\"datePublished\":\"2021-10-10T08:39:51+00:00\",\"dateModified\":\"2021-10-10T08:40:12+00:00\",\"breadcrumb\":{\"@id\":\"https:\/\/www.fsf.si\/2021\/za-varen-obisk\/#breadcrumb\"},\"inLanguage\":\"sl-SI\",\"potentialAction\":[{\"@type\":\"ReadAction\",\"target\":[\"https:\/\/www.fsf.si\/2021\/za-varen-obisk\/\"]}]},{\"@type\":\"BreadcrumbList\",\"@id\":\"https:\/\/www.fsf.si\/2021\/za-varen-obisk\/#breadcrumb\",\"itemListElement\":[{\"@type\":\"ListItem\",\"position\":1,\"name\":\"Home\",\"item\":\"https:\/\/www.fsf.si\/2021\/\"},{\"@type\":\"ListItem\",\"position\":2,\"name\":\"Za varen obisk\"}]}]}<\/script>\n<!-- \/ Yoast SEO plugin. -->","yoast_head_json":{"title":"Za varen obisk - FSF","robots":{"index":"index","follow":"follow","max-snippet":"max-snippet:-1","max-image-preview":"max-image-preview:large","max-video-preview":"max-video-preview:-1"},"canonical":"https:\/\/www.fsf.si\/2021\/za-varen-obisk\/","og_locale":"sl_SI","og_type":"article","og_title":"Za varen obisk - FSF","og_description":"Za varen obisk in dobro po\u010dutje Za dobro po\u010dutje vseh obiskovalcev vas prosimo, da upo\u0161tevate slede\u010da navodila [&hellip;]","og_url":"https:\/\/www.fsf.si\/2021\/za-varen-obisk\/","og_site_name":"FSF","article_modified_time":"2021-10-10T08:40:12+00:00","twitter_card":"summary_large_image","twitter_misc":{"Est. reading time":"2 minuti"},"schema":{"@context":"https:\/\/schema.org","@graph":[{"@type":"Organization","@id":"https:\/\/www.fsf.si\/2021\/#organization","name":"Festival Slovenskega Filma","url":"https:\/\/www.fsf.si\/2021\/","sameAs":[],"logo":{"@type":"ImageObject","@id":"https:\/\/www.fsf.si\/2021\/#logo","inLanguage":"sl-SI","url":"https:\/\/www.fsf.si\/2021\/wp-content\/uploads\/2019\/06\/Slider-FSF.png","contentUrl":"https:\/\/www.fsf.si\/2021\/wp-content\/uploads\/2019\/06\/Slider-FSF.png","width":4800,"height":1600,"caption":"Festival Slovenskega Filma"},"image":{"@id":"https:\/\/www.fsf.si\/2021\/#logo"}},{"@type":"WebSite","@id":"https:\/\/www.fsf.si\/2021\/#website","url":"https:\/\/www.fsf.si\/2021\/","name":"FSF","description":"Festival Slovenskega Filma","publisher":{"@id":"https:\/\/www.fsf.si\/2021\/#organization"},"potentialAction":[{"@type":"SearchAction","target":{"@type":"EntryPoint","urlTemplate":"https:\/\/www.fsf.si\/2021\/?s={search_term_string}"},"query-input":"required name=search_term_string"}],"inLanguage":"sl-SI"},{"@type":"WebPage","@id":"https:\/\/www.fsf.si\/2021\/za-varen-obisk\/#webpage","url":"https:\/\/www.fsf.si\/2021\/za-varen-obisk\/","name":"Za varen obisk - FSF","isPartOf":{"@id":"https:\/\/www.fsf.si\/2021\/#website"},"datePublished":"2021-10-10T08:39:51+00:00","dateModified":"2021-10-10T08:40:12+00:00","breadcrumb":{"@id":"https:\/\/www.fsf.si\/2021\/za-varen-obisk\/#breadcrumb"},"inLanguage":"sl-SI","potentialAction":[{"@type":"ReadAction","target":["https:\/\/www.fsf.si\/2021\/za-varen-obisk\/"]}]},{"@type":"BreadcrumbList","@id":"https:\/\/www.fsf.si\/2021\/za-varen-obisk\/#breadcrumb","itemListElement":[{"@type":"ListItem","position":1,"name":"Home","item":"https:\/\/www.fsf.si\/2021\/"},{"@type":"ListItem","position":2,"name":"Za varen obisk"}]}]}},"_links":{"self":[{"href":"https:\/\/www.fsf.si\/2021\/wp-json\/wp\/v2\/pages\/18633"}],"collection":[{"href":"https:\/\/www.fsf.si\/2021\/wp-json\/wp\/v2\/pages"}],"about":[{"href":"https:\/\/www.fsf.si\/2021\/wp-json\/wp\/v2\/types\/page"}],"author":[{"embeddable":true,"href":"https:\/\/www.fsf.si\/2021\/wp-json\/wp\/v2\/users\/1"}],"replies":[{"embeddable":true,"href":"https:\/\/www.fsf.si\/2021\/wp-json\/wp\/v2\/comments?post=18633"}],"version-history":[{"count":2,"href":"https:\/\/www.fsf.si\/2021\/wp-json\/wp\/v2\/pages\/18633\/revisions"}],"predecessor-version":[{"id":18635,"href":"https:\/\/www.fsf.si\/2021\/wp-json\/wp\/v2\/pages\/18633\/revisions\/18635"}],"wp:attachment":[{"href":"https:\/\/www.fsf.si\/2021\/wp-json\/wp\/v2\/media?parent=18633"}],"curies":[{"name":"wp","href":"https:\/\/api.w.org\/{rel}","templated":true}]}}